{"id":794,"date":"2024-11-19T19:34:52","date_gmt":"2024-11-19T18:34:52","guid":{"rendered":"https:\/\/ksgoclaw.pl\/?page_id=794"},"modified":"2024-11-19T19:38:01","modified_gmt":"2024-11-19T18:38:01","slug":"historia-klubu","status":"publish","type":"page","link":"https:\/\/ksgoclaw.pl\/index.php\/historia-klubu\/","title":{"rendered":"Historia klubu"},"content":{"rendered":"\n<p class=\"has-text-align-center\"><strong>KS Goc\u0142aw zosta\u0142 za\u0142o\u017cony w 2016 roku z inicjatywy Adama Stokowiec, pochodz\u0105cego z Warszawy, trenera pi\u0142ki no\u017cnej UEFA B z 13 letnim do\u015bwiadczeniem. Wychowany na Goc\u0142awiu mia\u0142 cel &#8211; da\u0107 mo\u017cliwo\u015b\u0107 dzieciom z osiedla pole do rozwoju talentu i mi\u0142o\u015bci do pi\u0142ki.<\/strong><\/p>\n\n\n\n<p class=\"has-text-align-center\"><strong>Uda\u0142o si\u0119! Rodzinny<\/strong> <strong>Goc\u0142aw zyska\u0142 klub,<\/strong> <strong>w kt\u00f3rym rodzice oddaj\u0105<\/strong> <strong>w profesjonalne r\u0119ce swoje pociechy, wiedz\u0105c \u017ce ich zapa\u0142 nie p\u00f3jdzie na marne, a trenerzy doszlifuj\u0105 niedoskona\u0142o\u015bci i wydob\u0119d\u0105 z m\u0142odych pi\u0142karzy prawdziwy diament.<\/strong><\/p>\n\n\n\n<p class=\"has-text-align-center\">Zaj\u0119cia pi\u0142ki no\u017cnej to trening nie tylko dla dzieci ale te\u017c ich rodzic\u00f3w, kt\u00f3rzy ucz\u0105 si\u0119 razem z najm\u0142odszymi zasad kibicowania, fair play i cierpliwo\u015bci w d\u0105\u017ceniu do za\u0142o\u017conego wyniku. <br><br>Trenerzy pracuj\u0105 w oparciu o za\u0142o\u017cenia szkoleniowe i wychowawcze, kt\u00f3re reprezentuj\u0105 r\u00f3wnie\u017c ich w\u0142asne zasady i filozofi\u0119 pracy. Najwa\u017cniejszy jest zapa\u0142, ci\u0119\u017cka praca, uczciwo\u015b\u0107 i zdrowie, dlatego m\u0142odzi nie tylko kopi\u0105 pi\u0142k\u0119 ale te\u017c rozwijaj\u0105 przy tym swoje charaktery. <br><br>Ogromna rado\u015b\u0107, kt\u00f3ra towarzyszy przygl\u0105daniu si\u0119 temu procesowi powoduje jeszcze wi\u0119ksz\u0105 ch\u0119\u0107 zaanga\u017cowania w rozw\u00f3j m\u0142odych zawodnik\u00f3w st\u0105d propozycje wyjazd\u00f3w letnich i zimowych oraz udzia\u0142 w turniejach.<\/p>\n","protected":false},"excerpt":{"rendered":"<p>KS Goc\u0142aw zosta\u0142 za\u0142o\u017cony w 2016 roku z inicjatywy Adama Stokowiec, pochodz\u0105cego z Warszawy, trenera pi\u0142ki no\u017cnej UEFA B z 13 letnim do\u015bwiadczeniem. Wychowany na Goc\u0142awiu mia\u0142 cel &#8211; da\u0107 mo\u017cliwo\u015b\u0107 dzieciom z osiedla pole do rozwoju talentu i mi\u0142o\u015bci do pi\u0142ki. Uda\u0142o si\u0119! Rodzinny Goc\u0142aw zyska\u0142 klub, w kt\u00f3rym rodzice oddaj\u0105 w profesjonalne r\u0119ce&hellip; <br \/> <a class=\"read-more\" href=\"https:\/\/ksgoclaw.pl\/index.php\/historia-klubu\/\">Dowiedz si\u0119 wi\u0119cej<\/a><\/p>\n","protected":false},"author":1,"featured_media":669,"parent":0,"menu_order":0,"comment_status":"closed","ping_status":"closed","template":"","meta":{"footnotes":""},"class_list":["post-794","page","type-page","status-publish","has-post-thumbnail","hentry"],"yoast_head":"<!-- This site is optimized with the Yoast SEO plugin v25.8 - https:\/\/yoast.com\/wordpress\/plugins\/seo\/ -->\n<title>Historia klubu &#8226; Akademia Pi\u0142karska KS Goc\u0142aw Warszawa<\/title>\n<meta name=\"robots\" content=\"index, follow, max-snippet:-1, max-image-preview:large, max-video-preview:-1\" \/>\n<link rel=\"canonical\" href=\"https:\/\/ksgoclaw.pl\/index.php\/historia-klubu\/\" \/>\n<meta property=\"og:locale\" content=\"pl_PL\" \/>\n<meta property=\"og:type\" content=\"article\" \/>\n<meta property=\"og:title\" content=\"Historia klubu &#8226; Akademia Pi\u0142karska KS Goc\u0142aw Warszawa\" \/>\n<meta property=\"og:description\" content=\"KS Goc\u0142aw zosta\u0142 za\u0142o\u017cony w 2016 roku z inicjatywy Adama Stokowiec, pochodz\u0105cego z Warszawy, trenera pi\u0142ki no\u017cnej UEFA B z 13 letnim do\u015bwiadczeniem. Wychowany na Goc\u0142awiu mia\u0142 cel &#8211; da\u0107 mo\u017cliwo\u015b\u0107 dzieciom z osiedla pole do rozwoju talentu i mi\u0142o\u015bci do pi\u0142ki. Uda\u0142o si\u0119! Rodzinny Goc\u0142aw zyska\u0142 klub, w kt\u00f3rym rodzice oddaj\u0105 w profesjonalne r\u0119ce&hellip; Dowiedz si\u0119 wi\u0119cej\" \/>\n<meta property=\"og:url\" content=\"https:\/\/ksgoclaw.pl\/index.php\/historia-klubu\/\" \/>\n<meta property=\"og:site_name\" content=\"Akademia Pi\u0142karska KS Goc\u0142aw Warszawa\" \/>\n<meta property=\"article:publisher\" content=\"https:\/\/www.facebook.com\/ksgoclaw\" \/>\n<meta property=\"article:modified_time\" content=\"2024-11-19T18:38:01+00:00\" \/>\n<meta property=\"og:image\" content=\"https:\/\/ksgoclaw.pl\/wp-content\/uploads\/2024\/01\/turniej-wosp-wolomin-2024.jpg\" \/>\n\t<meta property=\"og:image:width\" content=\"2048\" \/>\n\t<meta property=\"og:image:height\" content=\"1152\" \/>\n\t<meta property=\"og:image:type\" content=\"image\/jpeg\" \/>\n<meta name=\"twitter:card\" content=\"summary_large_image\" \/>\n<meta name=\"twitter:label1\" content=\"Szacowany czas czytania\" \/>\n\t<meta name=\"twitter:data1\" content=\"2 minuty\" \/>\n<script type=\"application\/ld+json\" class=\"yoast-schema-graph\">{\"@context\":\"https:\/\/schema.org\",\"@graph\":[{\"@type\":\"WebPage\",\"@id\":\"https:\/\/ksgoclaw.pl\/index.php\/historia-klubu\/\",\"url\":\"https:\/\/ksgoclaw.pl\/index.php\/historia-klubu\/\",\"name\":\"Historia klubu &#8226; Akademia Pi\u0142karska KS Goc\u0142aw Warszawa\",\"isPartOf\":{\"@id\":\"https:\/\/ksgoclaw.pl\/#website\"},\"primaryImageOfPage\":{\"@id\":\"https:\/\/ksgoclaw.pl\/index.php\/historia-klubu\/#primaryimage\"},\"image\":{\"@id\":\"https:\/\/ksgoclaw.pl\/index.php\/historia-klubu\/#primaryimage\"},\"thumbnailUrl\":\"https:\/\/ksgoclaw.pl\/wp-content\/uploads\/2024\/01\/turniej-wosp-wolomin-2024.jpg\",\"datePublished\":\"2024-11-19T18:34:52+00:00\",\"dateModified\":\"2024-11-19T18:38:01+00:00\",\"breadcrumb\":{\"@id\":\"https:\/\/ksgoclaw.pl\/index.php\/historia-klubu\/#breadcrumb\"},\"inLanguage\":\"pl-PL\",\"potentialAction\":[{\"@type\":\"ReadAction\",\"target\":[\"https:\/\/ksgoclaw.pl\/index.php\/historia-klubu\/\"]}]},{\"@type\":\"ImageObject\",\"inLanguage\":\"pl-PL\",\"@id\":\"https:\/\/ksgoclaw.pl\/index.php\/historia-klubu\/#primaryimage\",\"url\":\"https:\/\/ksgoclaw.pl\/wp-content\/uploads\/2024\/01\/turniej-wosp-wolomin-2024.jpg\",\"contentUrl\":\"https:\/\/ksgoclaw.pl\/wp-content\/uploads\/2024\/01\/turniej-wosp-wolomin-2024.jpg\",\"width\":2048,\"height\":1152},{\"@type\":\"BreadcrumbList\",\"@id\":\"https:\/\/ksgoclaw.pl\/index.php\/historia-klubu\/#breadcrumb\",\"itemListElement\":[{\"@type\":\"ListItem\",\"position\":1,\"name\":\"Strona g\u0142\u00f3wna\",\"item\":\"https:\/\/ksgoclaw.pl\/\"},{\"@type\":\"ListItem\",\"position\":2,\"name\":\"Historia klubu\"}]},{\"@type\":\"WebSite\",\"@id\":\"https:\/\/ksgoclaw.pl\/#website\",\"url\":\"https:\/\/ksgoclaw.pl\/\",\"name\":\"Akademia Pi\u0142karska KS Goc\u0142aw Warszawa\",\"description\":\"KS Goc\u0142aw gra, trenuje, ma\u0142ych mistrz\u00f3w wychowuje\",\"publisher\":{\"@id\":\"https:\/\/ksgoclaw.pl\/#organization\"},\"potentialAction\":[{\"@type\":\"SearchAction\",\"target\":{\"@type\":\"EntryPoint\",\"urlTemplate\":\"https:\/\/ksgoclaw.pl\/?s={search_term_string}\"},\"query-input\":{\"@type\":\"PropertyValueSpecification\",\"valueRequired\":true,\"valueName\":\"search_term_string\"}}],\"inLanguage\":\"pl-PL\"},{\"@type\":\"Organization\",\"@id\":\"https:\/\/ksgoclaw.pl\/#organization\",\"name\":\"Akademia Pi\u0142karska Klub Sportowy Goc\u0142aw Warszawa 2016\",\"url\":\"https:\/\/ksgoclaw.pl\/\",\"logo\":{\"@type\":\"ImageObject\",\"inLanguage\":\"pl-PL\",\"@id\":\"https:\/\/ksgoclaw.pl\/#\/schema\/logo\/image\/\",\"url\":\"https:\/\/ksgoclaw.pl\/wp-content\/uploads\/2023\/08\/herb-ks-goclaw-png-duzy.png\",\"contentUrl\":\"https:\/\/ksgoclaw.pl\/wp-content\/uploads\/2023\/08\/herb-ks-goclaw-png-duzy.png\",\"width\":2843,\"height\":3653,\"caption\":\"Akademia Pi\u0142karska Klub Sportowy Goc\u0142aw Warszawa 2016\"},\"image\":{\"@id\":\"https:\/\/ksgoclaw.pl\/#\/schema\/logo\/image\/\"},\"sameAs\":[\"https:\/\/www.facebook.com\/ksgoclaw\"]}]}<\/script>\n<!-- \/ Yoast SEO plugin. -->","yoast_head_json":{"title":"Historia klubu &#8226; Akademia Pi\u0142karska KS Goc\u0142aw Warszawa","robots":{"index":"index","follow":"follow","max-snippet":"max-snippet:-1","max-image-preview":"max-image-preview:large","max-video-preview":"max-video-preview:-1"},"canonical":"https:\/\/ksgoclaw.pl\/index.php\/historia-klubu\/","og_locale":"pl_PL","og_type":"article","og_title":"Historia klubu &#8226; Akademia Pi\u0142karska KS Goc\u0142aw Warszawa","og_description":"KS Goc\u0142aw zosta\u0142 za\u0142o\u017cony w 2016 roku z inicjatywy Adama Stokowiec, pochodz\u0105cego z Warszawy, trenera pi\u0142ki no\u017cnej UEFA B z 13 letnim do\u015bwiadczeniem. Wychowany na Goc\u0142awiu mia\u0142 cel &#8211; da\u0107 mo\u017cliwo\u015b\u0107 dzieciom z osiedla pole do rozwoju talentu i mi\u0142o\u015bci do pi\u0142ki. Uda\u0142o si\u0119! Rodzinny Goc\u0142aw zyska\u0142 klub, w kt\u00f3rym rodzice oddaj\u0105 w profesjonalne r\u0119ce&hellip; Dowiedz si\u0119 wi\u0119cej","og_url":"https:\/\/ksgoclaw.pl\/index.php\/historia-klubu\/","og_site_name":"Akademia Pi\u0142karska KS Goc\u0142aw Warszawa","article_publisher":"https:\/\/www.facebook.com\/ksgoclaw","article_modified_time":"2024-11-19T18:38:01+00:00","og_image":[{"width":2048,"height":1152,"url":"https:\/\/ksgoclaw.pl\/wp-content\/uploads\/2024\/01\/turniej-wosp-wolomin-2024.jpg","type":"image\/jpeg"}],"twitter_card":"summary_large_image","twitter_misc":{"Szacowany czas czytania":"2 minuty"},"schema":{"@context":"https:\/\/schema.org","@graph":[{"@type":"WebPage","@id":"https:\/\/ksgoclaw.pl\/index.php\/historia-klubu\/","url":"https:\/\/ksgoclaw.pl\/index.php\/historia-klubu\/","name":"Historia klubu &#8226; Akademia Pi\u0142karska KS Goc\u0142aw Warszawa","isPartOf":{"@id":"https:\/\/ksgoclaw.pl\/#website"},"primaryImageOfPage":{"@id":"https:\/\/ksgoclaw.pl\/index.php\/historia-klubu\/#primaryimage"},"image":{"@id":"https:\/\/ksgoclaw.pl\/index.php\/historia-klubu\/#primaryimage"},"thumbnailUrl":"https:\/\/ksgoclaw.pl\/wp-content\/uploads\/2024\/01\/turniej-wosp-wolomin-2024.jpg","datePublished":"2024-11-19T18:34:52+00:00","dateModified":"2024-11-19T18:38:01+00:00","breadcrumb":{"@id":"https:\/\/ksgoclaw.pl\/index.php\/historia-klubu\/#breadcrumb"},"inLanguage":"pl-PL","potentialAction":[{"@type":"ReadAction","target":["https:\/\/ksgoclaw.pl\/index.php\/historia-klubu\/"]}]},{"@type":"ImageObject","inLanguage":"pl-PL","@id":"https:\/\/ksgoclaw.pl\/index.php\/historia-klubu\/#primaryimage","url":"https:\/\/ksgoclaw.pl\/wp-content\/uploads\/2024\/01\/turniej-wosp-wolomin-2024.jpg","contentUrl":"https:\/\/ksgoclaw.pl\/wp-content\/uploads\/2024\/01\/turniej-wosp-wolomin-2024.jpg","width":2048,"height":1152},{"@type":"BreadcrumbList","@id":"https:\/\/ksgoclaw.pl\/index.php\/historia-klubu\/#breadcrumb","itemListElement":[{"@type":"ListItem","position":1,"name":"Strona g\u0142\u00f3wna","item":"https:\/\/ksgoclaw.pl\/"},{"@type":"ListItem","position":2,"name":"Historia klubu"}]},{"@type":"WebSite","@id":"https:\/\/ksgoclaw.pl\/#website","url":"https:\/\/ksgoclaw.pl\/","name":"Akademia Pi\u0142karska KS Goc\u0142aw Warszawa","description":"KS Goc\u0142aw gra, trenuje, ma\u0142ych mistrz\u00f3w wychowuje","publisher":{"@id":"https:\/\/ksgoclaw.pl\/#organization"},"potentialAction":[{"@type":"SearchAction","target":{"@type":"EntryPoint","urlTemplate":"https:\/\/ksgoclaw.pl\/?s={search_term_string}"},"query-input":{"@type":"PropertyValueSpecification","valueRequired":true,"valueName":"search_term_string"}}],"inLanguage":"pl-PL"},{"@type":"Organization","@id":"https:\/\/ksgoclaw.pl\/#organization","name":"Akademia Pi\u0142karska Klub Sportowy Goc\u0142aw Warszawa 2016","url":"https:\/\/ksgoclaw.pl\/","logo":{"@type":"ImageObject","inLanguage":"pl-PL","@id":"https:\/\/ksgoclaw.pl\/#\/schema\/logo\/image\/","url":"https:\/\/ksgoclaw.pl\/wp-content\/uploads\/2023\/08\/herb-ks-goclaw-png-duzy.png","contentUrl":"https:\/\/ksgoclaw.pl\/wp-content\/uploads\/2023\/08\/herb-ks-goclaw-png-duzy.png","width":2843,"height":3653,"caption":"Akademia Pi\u0142karska Klub Sportowy Goc\u0142aw Warszawa 2016"},"image":{"@id":"https:\/\/ksgoclaw.pl\/#\/schema\/logo\/image\/"},"sameAs":["https:\/\/www.facebook.com\/ksgoclaw"]}]}},"_links":{"self":[{"href":"https:\/\/ksgoclaw.pl\/index.php\/wp-json\/wp\/v2\/pages\/794","targetHints":{"allow":["GET"]}}],"collection":[{"href":"https:\/\/ksgoclaw.pl\/index.php\/wp-json\/wp\/v2\/pages"}],"about":[{"href":"https:\/\/ksgoclaw.pl\/index.php\/wp-json\/wp\/v2\/types\/page"}],"author":[{"embeddable":true,"href":"https:\/\/ksgoclaw.pl\/index.php\/wp-json\/wp\/v2\/users\/1"}],"replies":[{"embeddable":true,"href":"https:\/\/ksgoclaw.pl\/index.php\/wp-json\/wp\/v2\/comments?post=794"}],"version-history":[{"count":1,"href":"https:\/\/ksgoclaw.pl\/index.php\/wp-json\/wp\/v2\/pages\/794\/revisions"}],"predecessor-version":[{"id":795,"href":"https:\/\/ksgoclaw.pl\/index.php\/wp-json\/wp\/v2\/pages\/794\/revisions\/795"}],"wp:featuredmedia":[{"embeddable":true,"href":"https:\/\/ksgoclaw.pl\/index.php\/wp-json\/wp\/v2\/media\/669"}],"wp:attachment":[{"href":"https:\/\/ksgoclaw.pl\/index.php\/wp-json\/wp\/v2\/media?parent=794"}],"curies":[{"name":"wp","href":"https:\/\/api.w.org\/{rel}","templated":true}]}}