{"id":7,"date":"2023-08-02T18:30:02","date_gmt":"2023-08-02T16:30:02","guid":{"rendered":"http:\/\/ksgoclaw.pl\/?page_id=7"},"modified":"2025-10-05T07:39:57","modified_gmt":"2025-10-05T05:39:57","slug":"pilkarskie-przedszkole","status":"publish","type":"page","link":"https:\/\/ksgoclaw.pl\/index.php\/pilkarskie-przedszkole\/","title":{"rendered":"Pi\u0142karskie Przedszkole"},"content":{"rendered":"\n<div class=\"wp-block-columns is-layout-flex wp-container-core-columns-is-layout-9d6595d7 wp-block-columns-is-layout-flex\">\n<div class=\"wp-block-column is-layout-flow wp-block-column-is-layout-flow\" style=\"flex-basis:25%\"><\/div>\n\n\n\n<div class=\"wp-block-column is-layout-flow wp-block-column-is-layout-flow\" style=\"flex-basis:50%\">\n<p class=\"has-text-align-center has-black-color has-text-color has-large-font-size\">ZAJ\u0118CIA<\/p>\n\n\n\n<p class=\"has-text-align-center has-black-color has-text-color\">Pi\u0142karskie Przedszkole przeznaczone jest dla dzieci <br>z rocznik\u00f3w <strong>2020<\/strong> oraz <strong>2021<\/strong>.<br><br><strong>START ZAJ\u0118\u0106<br>04-09-2025 (Czwartek)<\/strong><\/p>\n<\/div>\n\n\n\n<div class=\"wp-block-column is-layout-flow wp-block-column-is-layout-flow\" style=\"flex-basis:25%\"><\/div>\n<\/div>\n\n\n\n<p><\/p>\n\n\n\n<div class=\"wp-block-buttons is-content-justification-center is-layout-flex wp-container-core-buttons-is-layout-16018d1d wp-block-buttons-is-layout-flex\">\n<div class=\"wp-block-button is-style-fill\"><a class=\"wp-block-button__link has-blush-bordeaux-gradient-background has-background wp-element-button\">ZAPISZ SI\u0118<\/a><\/div>\n<\/div>\n\n\n\n<div class=\"wp-block-columns is-layout-flex wp-container-core-columns-is-layout-9d6595d7 wp-block-columns-is-layout-flex\">\n<div class=\"wp-block-column is-layout-flow wp-block-column-is-layout-flow\">\n<p class=\"has-text-align-center has-black-color has-text-color\"><\/p>\n\n\n\n<p class=\"has-text-align-center has-black-color has-text-color\">Boisko przy SP nr 375, Abrahama 10<\/p>\n\n\n\n<p class=\"has-text-align-center has-black-color has-text-color\">Czwartek 16:30-17:15<\/p>\n\n\n\n<p class=\"has-text-align-center has-black-color has-text-color\"><\/p>\n<\/div>\n<\/div>\n\n\n\n<p class=\"has-text-align-center has-black-color has-text-color has-link-color wp-elements-86a62bbea81c315f7961caada4a10e03\"><strong>Pierwszy trening bezp\u0142atny!!!<\/strong><br>W przypadku zapisania si\u0119 do Akademii sk\u0142adka nie ulega pomniejszeniu o trening bezp\u0142atny.<\/p>\n\n\n\n<p><\/p>\n","protected":false},"excerpt":{"rendered":"<p>ZAJ\u0118CIA Pi\u0142karskie Przedszkole przeznaczone jest dla dzieci z rocznik\u00f3w 2020 oraz 2021. START ZAJ\u0118\u010604-09-2025 (Czwartek) Boisko przy SP nr 375, Abrahama 10 Czwartek 16:30-17:15 Pierwszy trening bezp\u0142atny!!!W przypadku zapisania si\u0119 do Akademii sk\u0142adka nie ulega pomniejszeniu o trening bezp\u0142atny.<\/p>\n","protected":false},"author":1,"featured_media":309,"parent":0,"menu_order":0,"comment_status":"closed","ping_status":"closed","template":"","meta":{"footnotes":""},"class_list":["post-7","page","type-page","status-publish","has-post-thumbnail","hentry"],"yoast_head":"<!-- This site is optimized with the Yoast SEO plugin v25.8 - https:\/\/yoast.com\/wordpress\/plugins\/seo\/ -->\n<title>Pi\u0142karskie Przedszkole &#8226; Akademia Pi\u0142karska KS Goc\u0142aw Warszawa<\/title>\n<meta name=\"description\" content=\"Pi\u0142karskie Przedszkole przeznaczone jest dla dzieci z rocznik\u00f3w 2018 oraz 2019. Zapraszamy wszystkie przedszkolaki na naszej zaj\u0119cia.\" \/>\n<meta name=\"robots\" content=\"index, follow, max-snippet:-1, max-image-preview:large, max-video-preview:-1\" \/>\n<link rel=\"canonical\" href=\"https:\/\/ksgoclaw.pl\/index.php\/pilkarskie-przedszkole\/\" \/>\n<meta property=\"og:locale\" content=\"pl_PL\" \/>\n<meta property=\"og:type\" content=\"article\" \/>\n<meta property=\"og:title\" content=\"Pi\u0142karskie Przedszkole &#8226; Akademia Pi\u0142karska KS Goc\u0142aw Warszawa\" \/>\n<meta property=\"og:description\" content=\"Pi\u0142karskie Przedszkole przeznaczone jest dla dzieci z rocznik\u00f3w 2018 oraz 2019. Zapraszamy wszystkie przedszkolaki na naszej zaj\u0119cia.\" \/>\n<meta property=\"og:url\" content=\"https:\/\/ksgoclaw.pl\/index.php\/pilkarskie-przedszkole\/\" \/>\n<meta property=\"og:site_name\" content=\"Akademia Pi\u0142karska KS Goc\u0142aw Warszawa\" \/>\n<meta property=\"article:publisher\" content=\"https:\/\/www.facebook.com\/ksgoclaw\" \/>\n<meta property=\"article:modified_time\" content=\"2025-10-05T05:39:57+00:00\" \/>\n<meta property=\"og:image\" content=\"https:\/\/ksgoclaw.pl\/wp-content\/uploads\/2023\/08\/Aktualnosci-297\u00d7210-mm-2-1024x724.png\" \/>\n\t<meta property=\"og:image:width\" content=\"1024\" \/>\n\t<meta property=\"og:image:height\" content=\"724\" \/>\n\t<meta property=\"og:image:type\" content=\"image\/png\" \/>\n<meta name=\"twitter:card\" content=\"summary_large_image\" \/>\n<meta name=\"twitter:label1\" content=\"Szacowany czas czytania\" \/>\n\t<meta name=\"twitter:data1\" content=\"1 minuta\" \/>\n<script type=\"application\/ld+json\" class=\"yoast-schema-graph\">{\"@context\":\"https:\/\/schema.org\",\"@graph\":[{\"@type\":\"WebPage\",\"@id\":\"https:\/\/ksgoclaw.pl\/index.php\/pilkarskie-przedszkole\/\",\"url\":\"https:\/\/ksgoclaw.pl\/index.php\/pilkarskie-przedszkole\/\",\"name\":\"Pi\u0142karskie Przedszkole &#8226; Akademia Pi\u0142karska KS Goc\u0142aw Warszawa\",\"isPartOf\":{\"@id\":\"https:\/\/ksgoclaw.pl\/#website\"},\"primaryImageOfPage\":{\"@id\":\"https:\/\/ksgoclaw.pl\/index.php\/pilkarskie-przedszkole\/#primaryimage\"},\"image\":{\"@id\":\"https:\/\/ksgoclaw.pl\/index.php\/pilkarskie-przedszkole\/#primaryimage\"},\"thumbnailUrl\":\"https:\/\/ksgoclaw.pl\/wp-content\/uploads\/2023\/08\/Aktualnosci-297\u00d7210-mm-2.png\",\"datePublished\":\"2023-08-02T16:30:02+00:00\",\"dateModified\":\"2025-10-05T05:39:57+00:00\",\"description\":\"Pi\u0142karskie Przedszkole przeznaczone jest dla dzieci z rocznik\u00f3w 2018 oraz 2019. Zapraszamy wszystkie przedszkolaki na naszej zaj\u0119cia.\",\"breadcrumb\":{\"@id\":\"https:\/\/ksgoclaw.pl\/index.php\/pilkarskie-przedszkole\/#breadcrumb\"},\"inLanguage\":\"pl-PL\",\"potentialAction\":[{\"@type\":\"ReadAction\",\"target\":[\"https:\/\/ksgoclaw.pl\/index.php\/pilkarskie-przedszkole\/\"]}]},{\"@type\":\"ImageObject\",\"inLanguage\":\"pl-PL\",\"@id\":\"https:\/\/ksgoclaw.pl\/index.php\/pilkarskie-przedszkole\/#primaryimage\",\"url\":\"https:\/\/ksgoclaw.pl\/wp-content\/uploads\/2023\/08\/Aktualnosci-297\u00d7210-mm-2.png\",\"contentUrl\":\"https:\/\/ksgoclaw.pl\/wp-content\/uploads\/2023\/08\/Aktualnosci-297\u00d7210-mm-2.png\",\"width\":3000,\"height\":2121},{\"@type\":\"BreadcrumbList\",\"@id\":\"https:\/\/ksgoclaw.pl\/index.php\/pilkarskie-przedszkole\/#breadcrumb\",\"itemListElement\":[{\"@type\":\"ListItem\",\"position\":1,\"name\":\"Strona g\u0142\u00f3wna\",\"item\":\"https:\/\/ksgoclaw.pl\/\"},{\"@type\":\"ListItem\",\"position\":2,\"name\":\"Pi\u0142karskie Przedszkole\"}]},{\"@type\":\"WebSite\",\"@id\":\"https:\/\/ksgoclaw.pl\/#website\",\"url\":\"https:\/\/ksgoclaw.pl\/\",\"name\":\"Akademia Pi\u0142karska KS Goc\u0142aw Warszawa\",\"description\":\"KS Goc\u0142aw gra, trenuje, ma\u0142ych mistrz\u00f3w wychowuje\",\"publisher\":{\"@id\":\"https:\/\/ksgoclaw.pl\/#organization\"},\"potentialAction\":[{\"@type\":\"SearchAction\",\"target\":{\"@type\":\"EntryPoint\",\"urlTemplate\":\"https:\/\/ksgoclaw.pl\/?s={search_term_string}\"},\"query-input\":{\"@type\":\"PropertyValueSpecification\",\"valueRequired\":true,\"valueName\":\"search_term_string\"}}],\"inLanguage\":\"pl-PL\"},{\"@type\":\"Organization\",\"@id\":\"https:\/\/ksgoclaw.pl\/#organization\",\"name\":\"Akademia Pi\u0142karska Klub Sportowy Goc\u0142aw Warszawa 2016\",\"url\":\"https:\/\/ksgoclaw.pl\/\",\"logo\":{\"@type\":\"ImageObject\",\"inLanguage\":\"pl-PL\",\"@id\":\"https:\/\/ksgoclaw.pl\/#\/schema\/logo\/image\/\",\"url\":\"https:\/\/ksgoclaw.pl\/wp-content\/uploads\/2023\/08\/herb-ks-goclaw-png-duzy.png\",\"contentUrl\":\"https:\/\/ksgoclaw.pl\/wp-content\/uploads\/2023\/08\/herb-ks-goclaw-png-duzy.png\",\"width\":2843,\"height\":3653,\"caption\":\"Akademia Pi\u0142karska Klub Sportowy Goc\u0142aw Warszawa 2016\"},\"image\":{\"@id\":\"https:\/\/ksgoclaw.pl\/#\/schema\/logo\/image\/\"},\"sameAs\":[\"https:\/\/www.facebook.com\/ksgoclaw\"]}]}<\/script>\n<!-- \/ Yoast SEO plugin. -->","yoast_head_json":{"title":"Pi\u0142karskie Przedszkole &#8226; Akademia Pi\u0142karska KS Goc\u0142aw Warszawa","description":"Pi\u0142karskie Przedszkole przeznaczone jest dla dzieci z rocznik\u00f3w 2018 oraz 2019. Zapraszamy wszystkie przedszkolaki na naszej zaj\u0119cia.","robots":{"index":"index","follow":"follow","max-snippet":"max-snippet:-1","max-image-preview":"max-image-preview:large","max-video-preview":"max-video-preview:-1"},"canonical":"https:\/\/ksgoclaw.pl\/index.php\/pilkarskie-przedszkole\/","og_locale":"pl_PL","og_type":"article","og_title":"Pi\u0142karskie Przedszkole &#8226; Akademia Pi\u0142karska KS Goc\u0142aw Warszawa","og_description":"Pi\u0142karskie Przedszkole przeznaczone jest dla dzieci z rocznik\u00f3w 2018 oraz 2019. Zapraszamy wszystkie przedszkolaki na naszej zaj\u0119cia.","og_url":"https:\/\/ksgoclaw.pl\/index.php\/pilkarskie-przedszkole\/","og_site_name":"Akademia Pi\u0142karska KS Goc\u0142aw Warszawa","article_publisher":"https:\/\/www.facebook.com\/ksgoclaw","article_modified_time":"2025-10-05T05:39:57+00:00","og_image":[{"width":1024,"height":724,"url":"https:\/\/ksgoclaw.pl\/wp-content\/uploads\/2023\/08\/Aktualnosci-297\u00d7210-mm-2-1024x724.png","type":"image\/png"}],"twitter_card":"summary_large_image","twitter_misc":{"Szacowany czas czytania":"1 minuta"},"schema":{"@context":"https:\/\/schema.org","@graph":[{"@type":"WebPage","@id":"https:\/\/ksgoclaw.pl\/index.php\/pilkarskie-przedszkole\/","url":"https:\/\/ksgoclaw.pl\/index.php\/pilkarskie-przedszkole\/","name":"Pi\u0142karskie Przedszkole &#8226; Akademia Pi\u0142karska KS Goc\u0142aw Warszawa","isPartOf":{"@id":"https:\/\/ksgoclaw.pl\/#website"},"primaryImageOfPage":{"@id":"https:\/\/ksgoclaw.pl\/index.php\/pilkarskie-przedszkole\/#primaryimage"},"image":{"@id":"https:\/\/ksgoclaw.pl\/index.php\/pilkarskie-przedszkole\/#primaryimage"},"thumbnailUrl":"https:\/\/ksgoclaw.pl\/wp-content\/uploads\/2023\/08\/Aktualnosci-297\u00d7210-mm-2.png","datePublished":"2023-08-02T16:30:02+00:00","dateModified":"2025-10-05T05:39:57+00:00","description":"Pi\u0142karskie Przedszkole przeznaczone jest dla dzieci z rocznik\u00f3w 2018 oraz 2019. Zapraszamy wszystkie przedszkolaki na naszej zaj\u0119cia.","breadcrumb":{"@id":"https:\/\/ksgoclaw.pl\/index.php\/pilkarskie-przedszkole\/#breadcrumb"},"inLanguage":"pl-PL","potentialAction":[{"@type":"ReadAction","target":["https:\/\/ksgoclaw.pl\/index.php\/pilkarskie-przedszkole\/"]}]},{"@type":"ImageObject","inLanguage":"pl-PL","@id":"https:\/\/ksgoclaw.pl\/index.php\/pilkarskie-przedszkole\/#primaryimage","url":"https:\/\/ksgoclaw.pl\/wp-content\/uploads\/2023\/08\/Aktualnosci-297\u00d7210-mm-2.png","contentUrl":"https:\/\/ksgoclaw.pl\/wp-content\/uploads\/2023\/08\/Aktualnosci-297\u00d7210-mm-2.png","width":3000,"height":2121},{"@type":"BreadcrumbList","@id":"https:\/\/ksgoclaw.pl\/index.php\/pilkarskie-przedszkole\/#breadcrumb","itemListElement":[{"@type":"ListItem","position":1,"name":"Strona g\u0142\u00f3wna","item":"https:\/\/ksgoclaw.pl\/"},{"@type":"ListItem","position":2,"name":"Pi\u0142karskie Przedszkole"}]},{"@type":"WebSite","@id":"https:\/\/ksgoclaw.pl\/#website","url":"https:\/\/ksgoclaw.pl\/","name":"Akademia Pi\u0142karska KS Goc\u0142aw Warszawa","description":"KS Goc\u0142aw gra, trenuje, ma\u0142ych mistrz\u00f3w wychowuje","publisher":{"@id":"https:\/\/ksgoclaw.pl\/#organization"},"potentialAction":[{"@type":"SearchAction","target":{"@type":"EntryPoint","urlTemplate":"https:\/\/ksgoclaw.pl\/?s={search_term_string}"},"query-input":{"@type":"PropertyValueSpecification","valueRequired":true,"valueName":"search_term_string"}}],"inLanguage":"pl-PL"},{"@type":"Organization","@id":"https:\/\/ksgoclaw.pl\/#organization","name":"Akademia Pi\u0142karska Klub Sportowy Goc\u0142aw Warszawa 2016","url":"https:\/\/ksgoclaw.pl\/","logo":{"@type":"ImageObject","inLanguage":"pl-PL","@id":"https:\/\/ksgoclaw.pl\/#\/schema\/logo\/image\/","url":"https:\/\/ksgoclaw.pl\/wp-content\/uploads\/2023\/08\/herb-ks-goclaw-png-duzy.png","contentUrl":"https:\/\/ksgoclaw.pl\/wp-content\/uploads\/2023\/08\/herb-ks-goclaw-png-duzy.png","width":2843,"height":3653,"caption":"Akademia Pi\u0142karska Klub Sportowy Goc\u0142aw Warszawa 2016"},"image":{"@id":"https:\/\/ksgoclaw.pl\/#\/schema\/logo\/image\/"},"sameAs":["https:\/\/www.facebook.com\/ksgoclaw"]}]}},"_links":{"self":[{"href":"https:\/\/ksgoclaw.pl\/index.php\/wp-json\/wp\/v2\/pages\/7","targetHints":{"allow":["GET"]}}],"collection":[{"href":"https:\/\/ksgoclaw.pl\/index.php\/wp-json\/wp\/v2\/pages"}],"about":[{"href":"https:\/\/ksgoclaw.pl\/index.php\/wp-json\/wp\/v2\/types\/page"}],"author":[{"embeddable":true,"href":"https:\/\/ksgoclaw.pl\/index.php\/wp-json\/wp\/v2\/users\/1"}],"replies":[{"embeddable":true,"href":"https:\/\/ksgoclaw.pl\/index.php\/wp-json\/wp\/v2\/comments?post=7"}],"version-history":[{"count":23,"href":"https:\/\/ksgoclaw.pl\/index.php\/wp-json\/wp\/v2\/pages\/7\/revisions"}],"predecessor-version":[{"id":1078,"href":"https:\/\/ksgoclaw.pl\/index.php\/wp-json\/wp\/v2\/pages\/7\/revisions\/1078"}],"wp:featuredmedia":[{"embeddable":true,"href":"https:\/\/ksgoclaw.pl\/index.php\/wp-json\/wp\/v2\/media\/309"}],"wp:attachment":[{"href":"https:\/\/ksgoclaw.pl\/index.php\/wp-json\/wp\/v2\/media?parent=7"}],"curies":[{"name":"wp","href":"https:\/\/api.w.org\/{rel}","templated":true}]}}