{"id":487,"date":"2023-08-30T11:36:40","date_gmt":"2023-08-30T09:36:40","guid":{"rendered":"https:\/\/ksgoclaw.pl\/?page_id=487"},"modified":"2023-08-30T11:46:20","modified_gmt":"2023-08-30T09:46:20","slug":"obuwie-pilkarskie","status":"publish","type":"page","link":"https:\/\/ksgoclaw.pl\/index.php\/obuwie-pilkarskie\/","title":{"rendered":"Obuwie pi\u0142karskie"},"content":{"rendered":"\n<div class=\"wp-block-columns is-layout-flex wp-container-core-columns-is-layout-9d6595d7 wp-block-columns-is-layout-flex\">\n<div class=\"wp-block-column is-layout-flow wp-block-column-is-layout-flow\"><div class=\"wp-block-image\">\n<figure class=\"alignright size-medium\"><img loading=\"lazy\" decoding=\"async\" width=\"300\" height=\"300\" src=\"https:\/\/ksgoclaw.pl\/wp-content\/uploads\/2023\/08\/buty-1-300x300.png\" alt=\"\" class=\"wp-image-491\" srcset=\"https:\/\/ksgoclaw.pl\/wp-content\/uploads\/2023\/08\/buty-1-300x300.png 300w, https:\/\/ksgoclaw.pl\/wp-content\/uploads\/2023\/08\/buty-1-150x150.png 150w, https:\/\/ksgoclaw.pl\/wp-content\/uploads\/2023\/08\/buty-1.png 440w\" sizes=\"auto, (max-width: 300px) 100vw, 300px\" \/><\/figure>\n<\/div><\/div>\n\n\n\n<div class=\"wp-block-column is-vertically-aligned-center is-layout-flow wp-block-column-is-layout-flow\">\n<p><\/p>\n\n\n\n<p class=\"has-black-color has-text-color\"><strong>Turfy, \u017bwir\u00f3wki<\/strong><\/p>\n\n\n\n<p class=\"has-black-color has-text-color\">Na stopie znajduje si\u0119 kilka lub kilkana\u015bcie ma\u0142ych gumowych kork\u00f3w.<br>Te buty dobrze sprawdzaj\u0105 si\u0119 na sztucznej nawierzchni, twardym boisku oraz na murawie pokrytej \u015bniegiem.<\/p>\n<\/div>\n<\/div>\n\n\n\n<p><\/p>\n\n\n\n<div class=\"wp-block-columns is-layout-flex wp-container-core-columns-is-layout-9d6595d7 wp-block-columns-is-layout-flex\">\n<div class=\"wp-block-column is-layout-flow wp-block-column-is-layout-flow\"><div class=\"wp-block-image\">\n<figure class=\"alignright size-medium\"><img loading=\"lazy\" decoding=\"async\" width=\"300\" height=\"199\" src=\"https:\/\/ksgoclaw.pl\/wp-content\/uploads\/2023\/08\/buty-3-300x199.png\" alt=\"\" class=\"wp-image-493\" srcset=\"https:\/\/ksgoclaw.pl\/wp-content\/uploads\/2023\/08\/buty-3-300x199.png 300w, https:\/\/ksgoclaw.pl\/wp-content\/uploads\/2023\/08\/buty-3.png 640w\" sizes=\"auto, (max-width: 300px) 100vw, 300px\" \/><\/figure>\n<\/div><\/div>\n\n\n\n<div class=\"wp-block-column is-vertically-aligned-center is-layout-flow wp-block-column-is-layout-flow\">\n<p class=\"has-black-color has-text-color\"><strong>Hal\u00f3wki<\/strong><\/p>\n\n\n\n<p class=\"has-black-color has-text-color\">Jak sama nazwa wskazuje przydadz\u0105 nam si\u0119 najbardziej podczas trening\u00f3w na hali. \u015bmia\u0142o mo\u017cna w nich gra\u0107 r\u00f3wnie\u017c na tartanie, asfalcie czy ziemnym boisku. Gra na boisku o nawierzchni mokrej jest niemo\u017cliwa i niebezpieczna.<\/p>\n<\/div>\n<\/div>\n\n\n\n<p><\/p>\n\n\n\n<div class=\"wp-block-columns is-layout-flex wp-container-core-columns-is-layout-9d6595d7 wp-block-columns-is-layout-flex\">\n<div class=\"wp-block-column is-layout-flow wp-block-column-is-layout-flow\"><div class=\"wp-block-image\">\n<figure class=\"alignright size-medium\"><img loading=\"lazy\" decoding=\"async\" width=\"300\" height=\"300\" src=\"https:\/\/ksgoclaw.pl\/wp-content\/uploads\/2023\/08\/buty-2-300x300.png\" alt=\"\" class=\"wp-image-494\" srcset=\"https:\/\/ksgoclaw.pl\/wp-content\/uploads\/2023\/08\/buty-2-300x300.png 300w, https:\/\/ksgoclaw.pl\/wp-content\/uploads\/2023\/08\/buty-2-150x150.png 150w, https:\/\/ksgoclaw.pl\/wp-content\/uploads\/2023\/08\/buty-2.png 440w\" sizes=\"auto, (max-width: 300px) 100vw, 300px\" \/><\/figure>\n<\/div><\/div>\n\n\n\n<div class=\"wp-block-column is-vertically-aligned-center is-layout-flow wp-block-column-is-layout-flow\">\n<p class=\"has-black-color has-text-color\"><strong>Lanki<\/strong><\/p>\n\n\n\n<p class=\"has-black-color has-text-color\">Korki s\u0105 wykonane ze sztucznego tworzywa, warto je za\u0142o\u017cy\u0107 na boiska o nawierzchni trawiastej lub sztucznej. S\u0105 bardziej uniwersalne od turf\u00f3w. Skuteczniejsze w przypadku nawierzchni mokrej.<\/p>\n<\/div>\n<\/div>\n","protected":false},"excerpt":{"rendered":"<p>Turfy, \u017bwir\u00f3wki Na stopie znajduje si\u0119 kilka lub kilkana\u015bcie ma\u0142ych gumowych kork\u00f3w.Te buty dobrze sprawdzaj\u0105 si\u0119 na sztucznej nawierzchni, twardym boisku oraz na murawie pokrytej \u015bniegiem. Hal\u00f3wki Jak sama nazwa wskazuje przydadz\u0105 nam si\u0119 najbardziej podczas trening\u00f3w na hali. \u015bmia\u0142o mo\u017cna w nich gra\u0107 r\u00f3wnie\u017c na tartanie, asfalcie czy ziemnym boisku. Gra na boisku o&hellip; <br \/> <a class=\"read-more\" href=\"https:\/\/ksgoclaw.pl\/index.php\/obuwie-pilkarskie\/\">Dowiedz si\u0119 wi\u0119cej<\/a><\/p>\n","protected":false},"author":1,"featured_media":270,"parent":0,"menu_order":0,"comment_status":"closed","ping_status":"closed","template":"","meta":{"footnotes":""},"class_list":["post-487","page","type-page","status-publish","has-post-thumbnail","hentry"],"yoast_head":"<!-- This site is optimized with the Yoast SEO plugin v25.8 - https:\/\/yoast.com\/wordpress\/plugins\/seo\/ -->\n<title>Obuwie pi\u0142karskie &#8226; Akademia Pi\u0142karska KS Goc\u0142aw Warszawa<\/title>\n<meta name=\"robots\" content=\"index, follow, max-snippet:-1, max-image-preview:large, max-video-preview:-1\" \/>\n<link rel=\"canonical\" href=\"https:\/\/ksgoclaw.pl\/index.php\/obuwie-pilkarskie\/\" \/>\n<meta property=\"og:locale\" content=\"pl_PL\" \/>\n<meta property=\"og:type\" content=\"article\" \/>\n<meta property=\"og:title\" content=\"Obuwie pi\u0142karskie &#8226; Akademia Pi\u0142karska KS Goc\u0142aw Warszawa\" \/>\n<meta property=\"og:description\" content=\"Turfy, \u017bwir\u00f3wki Na stopie znajduje si\u0119 kilka lub kilkana\u015bcie ma\u0142ych gumowych kork\u00f3w.Te buty dobrze sprawdzaj\u0105 si\u0119 na sztucznej nawierzchni, twardym boisku oraz na murawie pokrytej \u015bniegiem. Hal\u00f3wki Jak sama nazwa wskazuje przydadz\u0105 nam si\u0119 najbardziej podczas trening\u00f3w na hali. \u015bmia\u0142o mo\u017cna w nich gra\u0107 r\u00f3wnie\u017c na tartanie, asfalcie czy ziemnym boisku. Gra na boisku o&hellip; Dowiedz si\u0119 wi\u0119cej\" \/>\n<meta property=\"og:url\" content=\"https:\/\/ksgoclaw.pl\/index.php\/obuwie-pilkarskie\/\" \/>\n<meta property=\"og:site_name\" content=\"Akademia Pi\u0142karska KS Goc\u0142aw Warszawa\" \/>\n<meta property=\"article:publisher\" content=\"https:\/\/www.facebook.com\/ksgoclaw\" \/>\n<meta property=\"article:modified_time\" content=\"2023-08-30T09:46:20+00:00\" \/>\n<meta property=\"og:image\" content=\"https:\/\/ksgoclaw.pl\/wp-content\/uploads\/2023\/08\/ksiazka-pilka-1-1024x512.png\" \/>\n\t<meta property=\"og:image:width\" content=\"1024\" \/>\n\t<meta property=\"og:image:height\" content=\"512\" \/>\n\t<meta property=\"og:image:type\" content=\"image\/png\" \/>\n<meta name=\"twitter:card\" content=\"summary_large_image\" \/>\n<meta name=\"twitter:label1\" content=\"Szacowany czas czytania\" \/>\n\t<meta name=\"twitter:data1\" content=\"2 minuty\" \/>\n<script type=\"application\/ld+json\" class=\"yoast-schema-graph\">{\"@context\":\"https:\/\/schema.org\",\"@graph\":[{\"@type\":\"WebPage\",\"@id\":\"https:\/\/ksgoclaw.pl\/index.php\/obuwie-pilkarskie\/\",\"url\":\"https:\/\/ksgoclaw.pl\/index.php\/obuwie-pilkarskie\/\",\"name\":\"Obuwie pi\u0142karskie &#8226; Akademia Pi\u0142karska KS Goc\u0142aw Warszawa\",\"isPartOf\":{\"@id\":\"https:\/\/ksgoclaw.pl\/#website\"},\"primaryImageOfPage\":{\"@id\":\"https:\/\/ksgoclaw.pl\/index.php\/obuwie-pilkarskie\/#primaryimage\"},\"image\":{\"@id\":\"https:\/\/ksgoclaw.pl\/index.php\/obuwie-pilkarskie\/#primaryimage\"},\"thumbnailUrl\":\"https:\/\/ksgoclaw.pl\/wp-content\/uploads\/2023\/08\/ksiazka-pilka-1.png\",\"datePublished\":\"2023-08-30T09:36:40+00:00\",\"dateModified\":\"2023-08-30T09:46:20+00:00\",\"breadcrumb\":{\"@id\":\"https:\/\/ksgoclaw.pl\/index.php\/obuwie-pilkarskie\/#breadcrumb\"},\"inLanguage\":\"pl-PL\",\"potentialAction\":[{\"@type\":\"ReadAction\",\"target\":[\"https:\/\/ksgoclaw.pl\/index.php\/obuwie-pilkarskie\/\"]}]},{\"@type\":\"ImageObject\",\"inLanguage\":\"pl-PL\",\"@id\":\"https:\/\/ksgoclaw.pl\/index.php\/obuwie-pilkarskie\/#primaryimage\",\"url\":\"https:\/\/ksgoclaw.pl\/wp-content\/uploads\/2023\/08\/ksiazka-pilka-1.png\",\"contentUrl\":\"https:\/\/ksgoclaw.pl\/wp-content\/uploads\/2023\/08\/ksiazka-pilka-1.png\",\"width\":3456,\"height\":1728},{\"@type\":\"BreadcrumbList\",\"@id\":\"https:\/\/ksgoclaw.pl\/index.php\/obuwie-pilkarskie\/#breadcrumb\",\"itemListElement\":[{\"@type\":\"ListItem\",\"position\":1,\"name\":\"Strona g\u0142\u00f3wna\",\"item\":\"https:\/\/ksgoclaw.pl\/\"},{\"@type\":\"ListItem\",\"position\":2,\"name\":\"Obuwie pi\u0142karskie\"}]},{\"@type\":\"WebSite\",\"@id\":\"https:\/\/ksgoclaw.pl\/#website\",\"url\":\"https:\/\/ksgoclaw.pl\/\",\"name\":\"Akademia Pi\u0142karska KS Goc\u0142aw Warszawa\",\"description\":\"KS Goc\u0142aw gra, trenuje, ma\u0142ych mistrz\u00f3w wychowuje\",\"publisher\":{\"@id\":\"https:\/\/ksgoclaw.pl\/#organization\"},\"potentialAction\":[{\"@type\":\"SearchAction\",\"target\":{\"@type\":\"EntryPoint\",\"urlTemplate\":\"https:\/\/ksgoclaw.pl\/?s={search_term_string}\"},\"query-input\":{\"@type\":\"PropertyValueSpecification\",\"valueRequired\":true,\"valueName\":\"search_term_string\"}}],\"inLanguage\":\"pl-PL\"},{\"@type\":\"Organization\",\"@id\":\"https:\/\/ksgoclaw.pl\/#organization\",\"name\":\"Akademia Pi\u0142karska Klub Sportowy Goc\u0142aw Warszawa 2016\",\"url\":\"https:\/\/ksgoclaw.pl\/\",\"logo\":{\"@type\":\"ImageObject\",\"inLanguage\":\"pl-PL\",\"@id\":\"https:\/\/ksgoclaw.pl\/#\/schema\/logo\/image\/\",\"url\":\"https:\/\/ksgoclaw.pl\/wp-content\/uploads\/2023\/08\/herb-ks-goclaw-png-duzy.png\",\"contentUrl\":\"https:\/\/ksgoclaw.pl\/wp-content\/uploads\/2023\/08\/herb-ks-goclaw-png-duzy.png\",\"width\":2843,\"height\":3653,\"caption\":\"Akademia Pi\u0142karska Klub Sportowy Goc\u0142aw Warszawa 2016\"},\"image\":{\"@id\":\"https:\/\/ksgoclaw.pl\/#\/schema\/logo\/image\/\"},\"sameAs\":[\"https:\/\/www.facebook.com\/ksgoclaw\"]}]}<\/script>\n<!-- \/ Yoast SEO plugin. -->","yoast_head_json":{"title":"Obuwie pi\u0142karskie &#8226; Akademia Pi\u0142karska KS Goc\u0142aw Warszawa","robots":{"index":"index","follow":"follow","max-snippet":"max-snippet:-1","max-image-preview":"max-image-preview:large","max-video-preview":"max-video-preview:-1"},"canonical":"https:\/\/ksgoclaw.pl\/index.php\/obuwie-pilkarskie\/","og_locale":"pl_PL","og_type":"article","og_title":"Obuwie pi\u0142karskie &#8226; Akademia Pi\u0142karska KS Goc\u0142aw Warszawa","og_description":"Turfy, \u017bwir\u00f3wki Na stopie znajduje si\u0119 kilka lub kilkana\u015bcie ma\u0142ych gumowych kork\u00f3w.Te buty dobrze sprawdzaj\u0105 si\u0119 na sztucznej nawierzchni, twardym boisku oraz na murawie pokrytej \u015bniegiem. Hal\u00f3wki Jak sama nazwa wskazuje przydadz\u0105 nam si\u0119 najbardziej podczas trening\u00f3w na hali. \u015bmia\u0142o mo\u017cna w nich gra\u0107 r\u00f3wnie\u017c na tartanie, asfalcie czy ziemnym boisku. Gra na boisku o&hellip; Dowiedz si\u0119 wi\u0119cej","og_url":"https:\/\/ksgoclaw.pl\/index.php\/obuwie-pilkarskie\/","og_site_name":"Akademia Pi\u0142karska KS Goc\u0142aw Warszawa","article_publisher":"https:\/\/www.facebook.com\/ksgoclaw","article_modified_time":"2023-08-30T09:46:20+00:00","og_image":[{"width":1024,"height":512,"url":"https:\/\/ksgoclaw.pl\/wp-content\/uploads\/2023\/08\/ksiazka-pilka-1-1024x512.png","type":"image\/png"}],"twitter_card":"summary_large_image","twitter_misc":{"Szacowany czas czytania":"2 minuty"},"schema":{"@context":"https:\/\/schema.org","@graph":[{"@type":"WebPage","@id":"https:\/\/ksgoclaw.pl\/index.php\/obuwie-pilkarskie\/","url":"https:\/\/ksgoclaw.pl\/index.php\/obuwie-pilkarskie\/","name":"Obuwie pi\u0142karskie &#8226; Akademia Pi\u0142karska KS Goc\u0142aw Warszawa","isPartOf":{"@id":"https:\/\/ksgoclaw.pl\/#website"},"primaryImageOfPage":{"@id":"https:\/\/ksgoclaw.pl\/index.php\/obuwie-pilkarskie\/#primaryimage"},"image":{"@id":"https:\/\/ksgoclaw.pl\/index.php\/obuwie-pilkarskie\/#primaryimage"},"thumbnailUrl":"https:\/\/ksgoclaw.pl\/wp-content\/uploads\/2023\/08\/ksiazka-pilka-1.png","datePublished":"2023-08-30T09:36:40+00:00","dateModified":"2023-08-30T09:46:20+00:00","breadcrumb":{"@id":"https:\/\/ksgoclaw.pl\/index.php\/obuwie-pilkarskie\/#breadcrumb"},"inLanguage":"pl-PL","potentialAction":[{"@type":"ReadAction","target":["https:\/\/ksgoclaw.pl\/index.php\/obuwie-pilkarskie\/"]}]},{"@type":"ImageObject","inLanguage":"pl-PL","@id":"https:\/\/ksgoclaw.pl\/index.php\/obuwie-pilkarskie\/#primaryimage","url":"https:\/\/ksgoclaw.pl\/wp-content\/uploads\/2023\/08\/ksiazka-pilka-1.png","contentUrl":"https:\/\/ksgoclaw.pl\/wp-content\/uploads\/2023\/08\/ksiazka-pilka-1.png","width":3456,"height":1728},{"@type":"BreadcrumbList","@id":"https:\/\/ksgoclaw.pl\/index.php\/obuwie-pilkarskie\/#breadcrumb","itemListElement":[{"@type":"ListItem","position":1,"name":"Strona g\u0142\u00f3wna","item":"https:\/\/ksgoclaw.pl\/"},{"@type":"ListItem","position":2,"name":"Obuwie pi\u0142karskie"}]},{"@type":"WebSite","@id":"https:\/\/ksgoclaw.pl\/#website","url":"https:\/\/ksgoclaw.pl\/","name":"Akademia Pi\u0142karska KS Goc\u0142aw Warszawa","description":"KS Goc\u0142aw gra, trenuje, ma\u0142ych mistrz\u00f3w wychowuje","publisher":{"@id":"https:\/\/ksgoclaw.pl\/#organization"},"potentialAction":[{"@type":"SearchAction","target":{"@type":"EntryPoint","urlTemplate":"https:\/\/ksgoclaw.pl\/?s={search_term_string}"},"query-input":{"@type":"PropertyValueSpecification","valueRequired":true,"valueName":"search_term_string"}}],"inLanguage":"pl-PL"},{"@type":"Organization","@id":"https:\/\/ksgoclaw.pl\/#organization","name":"Akademia Pi\u0142karska Klub Sportowy Goc\u0142aw Warszawa 2016","url":"https:\/\/ksgoclaw.pl\/","logo":{"@type":"ImageObject","inLanguage":"pl-PL","@id":"https:\/\/ksgoclaw.pl\/#\/schema\/logo\/image\/","url":"https:\/\/ksgoclaw.pl\/wp-content\/uploads\/2023\/08\/herb-ks-goclaw-png-duzy.png","contentUrl":"https:\/\/ksgoclaw.pl\/wp-content\/uploads\/2023\/08\/herb-ks-goclaw-png-duzy.png","width":2843,"height":3653,"caption":"Akademia Pi\u0142karska Klub Sportowy Goc\u0142aw Warszawa 2016"},"image":{"@id":"https:\/\/ksgoclaw.pl\/#\/schema\/logo\/image\/"},"sameAs":["https:\/\/www.facebook.com\/ksgoclaw"]}]}},"_links":{"self":[{"href":"https:\/\/ksgoclaw.pl\/index.php\/wp-json\/wp\/v2\/pages\/487","targetHints":{"allow":["GET"]}}],"collection":[{"href":"https:\/\/ksgoclaw.pl\/index.php\/wp-json\/wp\/v2\/pages"}],"about":[{"href":"https:\/\/ksgoclaw.pl\/index.php\/wp-json\/wp\/v2\/types\/page"}],"author":[{"embeddable":true,"href":"https:\/\/ksgoclaw.pl\/index.php\/wp-json\/wp\/v2\/users\/1"}],"replies":[{"embeddable":true,"href":"https:\/\/ksgoclaw.pl\/index.php\/wp-json\/wp\/v2\/comments?post=487"}],"version-history":[{"count":6,"href":"https:\/\/ksgoclaw.pl\/index.php\/wp-json\/wp\/v2\/pages\/487\/revisions"}],"predecessor-version":[{"id":501,"href":"https:\/\/ksgoclaw.pl\/index.php\/wp-json\/wp\/v2\/pages\/487\/revisions\/501"}],"wp:featuredmedia":[{"embeddable":true,"href":"https:\/\/ksgoclaw.pl\/index.php\/wp-json\/wp\/v2\/media\/270"}],"wp:attachment":[{"href":"https:\/\/ksgoclaw.pl\/index.php\/wp-json\/wp\/v2\/media?parent=487"}],"curies":[{"name":"wp","href":"https:\/\/api.w.org\/{rel}","templated":true}]}}