{"id":356,"date":"2023-08-22T16:41:37","date_gmt":"2023-08-22T14:41:37","guid":{"rendered":"https:\/\/ksgoclaw.pl\/?page_id=356"},"modified":"2025-10-05T07:37:11","modified_gmt":"2025-10-05T05:37:11","slug":"2016-2","status":"publish","type":"page","link":"https:\/\/ksgoclaw.pl\/index.php\/2016-2\/","title":{"rendered":"2016"},"content":{"rendered":"\n<div class=\"wp-block-columns is-layout-flex wp-container-core-columns-is-layout-9d6595d7 wp-block-columns-is-layout-flex\">\n<div class=\"wp-block-column is-layout-flow wp-block-column-is-layout-flow\" style=\"flex-basis:25%\"><\/div>\n\n\n\n<div class=\"wp-block-column is-layout-flow wp-block-column-is-layout-flow\" style=\"flex-basis:50%\">\n<p class=\"has-text-align-center has-black-color has-text-color has-medium-font-size\"><strong>TRENINGI<br>(zawodnicy, kt\u00f3rzy kontynuuj\u0105 treningi oraz zawodnicy nowi)<\/strong><br><br><strong>START TRENING\u00d3W<br>01-09-2025 (Poniedzia\u0142ek)<\/strong><\/p>\n<\/div>\n\n\n\n<div class=\"wp-block-column is-layout-flow wp-block-column-is-layout-flow\" style=\"flex-basis:25%\"><\/div>\n<\/div>\n\n\n\n<p><\/p>\n\n\n\n<div class=\"wp-block-buttons is-content-justification-center is-layout-flex wp-container-core-buttons-is-layout-16018d1d wp-block-buttons-is-layout-flex\">\n<div class=\"wp-block-button is-style-fill\"><a class=\"wp-block-button__link has-blush-bordeaux-gradient-background has-background wp-element-button\">ZAPISZ SI\u0118<\/a><\/div>\n<\/div>\n\n\n\n<p><\/p>\n\n\n\n<div class=\"wp-block-columns is-layout-flex wp-container-core-columns-is-layout-9d6595d7 wp-block-columns-is-layout-flex\">\n<div class=\"wp-block-column is-layout-flow wp-block-column-is-layout-flow\">\n<p class=\"has-text-align-center has-black-color has-text-color\">Boisko przy SP nr 375, Abrahama 10<\/p>\n\n\n\n<p class=\"has-text-align-center has-black-color has-text-color\">Poniedzia\u0142ek 17:15-18:15<br>\u015aroda 17:15-18:15<\/p>\n<\/div>\n<\/div>\n\n\n\n<p><\/p>\n\n\n\n<p class=\"has-text-align-center has-black-color has-text-color has-link-color wp-elements-86a62bbea81c315f7961caada4a10e03\"><strong>Pierwszy trening bezp\u0142atny!!!<\/strong><br>W przypadku zapisania si\u0119 do Akademii sk\u0142adka nie ulega pomniejszeniu o trening bezp\u0142atny.<\/p>\n\n\n\n<p class=\"has-text-align-center has-black-color has-text-color\">Je\u015bli Twoje dziecko jest z rocznika 2019 lub 2020 przejd\u017a do zak\u0142adki <a href=\"https:\/\/ksgoclaw.pl\/index.php\/pilkarskie-przedszkole\/\">Pi\u0142karskie Przedszkole<\/a><\/p>\n","protected":false},"excerpt":{"rendered":"<p>TRENINGI(zawodnicy, kt\u00f3rzy kontynuuj\u0105 treningi oraz zawodnicy nowi) START TRENING\u00d3W01-09-2025 (Poniedzia\u0142ek) Boisko przy SP nr 375, Abrahama 10 Poniedzia\u0142ek 17:15-18:15\u015aroda 17:15-18:15 Pierwszy trening bezp\u0142atny!!!W przypadku zapisania si\u0119 do Akademii sk\u0142adka nie ulega pomniejszeniu o trening bezp\u0142atny. Je\u015bli Twoje dziecko jest z rocznika 2019 lub 2020 przejd\u017a do zak\u0142adki Pi\u0142karskie Przedszkole<\/p>\n","protected":false},"author":1,"featured_media":189,"parent":0,"menu_order":0,"comment_status":"closed","ping_status":"closed","template":"","meta":{"footnotes":""},"class_list":["post-356","page","type-page","status-publish","has-post-thumbnail","hentry"],"yoast_head":"<!-- This site is optimized with the Yoast SEO plugin v25.8 - https:\/\/yoast.com\/wordpress\/plugins\/seo\/ -->\n<title>2016 &#8226; Akademia Pi\u0142karska KS Goc\u0142aw Warszawa<\/title>\n<meta name=\"robots\" content=\"index, follow, max-snippet:-1, max-image-preview:large, max-video-preview:-1\" \/>\n<link rel=\"canonical\" href=\"https:\/\/ksgoclaw.pl\/index.php\/2016-2\/\" \/>\n<meta property=\"og:locale\" content=\"pl_PL\" \/>\n<meta property=\"og:type\" content=\"article\" \/>\n<meta property=\"og:title\" content=\"2016 &#8226; Akademia Pi\u0142karska KS Goc\u0142aw Warszawa\" \/>\n<meta property=\"og:description\" content=\"TRENINGI(zawodnicy, kt\u00f3rzy kontynuuj\u0105 treningi oraz zawodnicy nowi) START TRENING\u00d3W01-09-2025 (Poniedzia\u0142ek) Boisko przy SP nr 375, Abrahama 10 Poniedzia\u0142ek 17:15-18:15\u015aroda 17:15-18:15 Pierwszy trening bezp\u0142atny!!!W przypadku zapisania si\u0119 do Akademii sk\u0142adka nie ulega pomniejszeniu o trening bezp\u0142atny. Je\u015bli Twoje dziecko jest z rocznika 2019 lub 2020 przejd\u017a do zak\u0142adki Pi\u0142karskie Przedszkole\" \/>\n<meta property=\"og:url\" content=\"https:\/\/ksgoclaw.pl\/index.php\/2016-2\/\" \/>\n<meta property=\"og:site_name\" content=\"Akademia Pi\u0142karska KS Goc\u0142aw Warszawa\" \/>\n<meta property=\"article:publisher\" content=\"https:\/\/www.facebook.com\/ksgoclaw\" \/>\n<meta property=\"article:modified_time\" content=\"2025-10-05T05:37:11+00:00\" \/>\n<meta property=\"og:image\" content=\"https:\/\/ksgoclaw.pl\/wp-content\/uploads\/2023\/08\/Roczniki.png\" \/>\n\t<meta property=\"og:image:width\" content=\"1080\" \/>\n\t<meta property=\"og:image:height\" content=\"1080\" \/>\n\t<meta property=\"og:image:type\" content=\"image\/png\" \/>\n<meta name=\"twitter:card\" content=\"summary_large_image\" \/>\n<meta name=\"twitter:label1\" content=\"Szacowany czas czytania\" \/>\n\t<meta name=\"twitter:data1\" content=\"1 minuta\" \/>\n<script type=\"application\/ld+json\" class=\"yoast-schema-graph\">{\"@context\":\"https:\/\/schema.org\",\"@graph\":[{\"@type\":\"WebPage\",\"@id\":\"https:\/\/ksgoclaw.pl\/index.php\/2016-2\/\",\"url\":\"https:\/\/ksgoclaw.pl\/index.php\/2016-2\/\",\"name\":\"2016 &#8226; Akademia Pi\u0142karska KS Goc\u0142aw Warszawa\",\"isPartOf\":{\"@id\":\"https:\/\/ksgoclaw.pl\/#website\"},\"primaryImageOfPage\":{\"@id\":\"https:\/\/ksgoclaw.pl\/index.php\/2016-2\/#primaryimage\"},\"image\":{\"@id\":\"https:\/\/ksgoclaw.pl\/index.php\/2016-2\/#primaryimage\"},\"thumbnailUrl\":\"https:\/\/ksgoclaw.pl\/wp-content\/uploads\/2023\/08\/Roczniki.png\",\"datePublished\":\"2023-08-22T14:41:37+00:00\",\"dateModified\":\"2025-10-05T05:37:11+00:00\",\"breadcrumb\":{\"@id\":\"https:\/\/ksgoclaw.pl\/index.php\/2016-2\/#breadcrumb\"},\"inLanguage\":\"pl-PL\",\"potentialAction\":[{\"@type\":\"ReadAction\",\"target\":[\"https:\/\/ksgoclaw.pl\/index.php\/2016-2\/\"]}]},{\"@type\":\"ImageObject\",\"inLanguage\":\"pl-PL\",\"@id\":\"https:\/\/ksgoclaw.pl\/index.php\/2016-2\/#primaryimage\",\"url\":\"https:\/\/ksgoclaw.pl\/wp-content\/uploads\/2023\/08\/Roczniki.png\",\"contentUrl\":\"https:\/\/ksgoclaw.pl\/wp-content\/uploads\/2023\/08\/Roczniki.png\",\"width\":1080,\"height\":1080},{\"@type\":\"BreadcrumbList\",\"@id\":\"https:\/\/ksgoclaw.pl\/index.php\/2016-2\/#breadcrumb\",\"itemListElement\":[{\"@type\":\"ListItem\",\"position\":1,\"name\":\"Strona g\u0142\u00f3wna\",\"item\":\"https:\/\/ksgoclaw.pl\/\"},{\"@type\":\"ListItem\",\"position\":2,\"name\":\"2016\"}]},{\"@type\":\"WebSite\",\"@id\":\"https:\/\/ksgoclaw.pl\/#website\",\"url\":\"https:\/\/ksgoclaw.pl\/\",\"name\":\"Akademia Pi\u0142karska KS Goc\u0142aw Warszawa\",\"description\":\"KS Goc\u0142aw gra, trenuje, ma\u0142ych mistrz\u00f3w wychowuje\",\"publisher\":{\"@id\":\"https:\/\/ksgoclaw.pl\/#organization\"},\"potentialAction\":[{\"@type\":\"SearchAction\",\"target\":{\"@type\":\"EntryPoint\",\"urlTemplate\":\"https:\/\/ksgoclaw.pl\/?s={search_term_string}\"},\"query-input\":{\"@type\":\"PropertyValueSpecification\",\"valueRequired\":true,\"valueName\":\"search_term_string\"}}],\"inLanguage\":\"pl-PL\"},{\"@type\":\"Organization\",\"@id\":\"https:\/\/ksgoclaw.pl\/#organization\",\"name\":\"Akademia Pi\u0142karska Klub Sportowy Goc\u0142aw Warszawa 2016\",\"url\":\"https:\/\/ksgoclaw.pl\/\",\"logo\":{\"@type\":\"ImageObject\",\"inLanguage\":\"pl-PL\",\"@id\":\"https:\/\/ksgoclaw.pl\/#\/schema\/logo\/image\/\",\"url\":\"https:\/\/ksgoclaw.pl\/wp-content\/uploads\/2023\/08\/herb-ks-goclaw-png-duzy.png\",\"contentUrl\":\"https:\/\/ksgoclaw.pl\/wp-content\/uploads\/2023\/08\/herb-ks-goclaw-png-duzy.png\",\"width\":2843,\"height\":3653,\"caption\":\"Akademia Pi\u0142karska Klub Sportowy Goc\u0142aw Warszawa 2016\"},\"image\":{\"@id\":\"https:\/\/ksgoclaw.pl\/#\/schema\/logo\/image\/\"},\"sameAs\":[\"https:\/\/www.facebook.com\/ksgoclaw\"]}]}<\/script>\n<!-- \/ Yoast SEO plugin. -->","yoast_head_json":{"title":"2016 &#8226; Akademia Pi\u0142karska KS Goc\u0142aw Warszawa","robots":{"index":"index","follow":"follow","max-snippet":"max-snippet:-1","max-image-preview":"max-image-preview:large","max-video-preview":"max-video-preview:-1"},"canonical":"https:\/\/ksgoclaw.pl\/index.php\/2016-2\/","og_locale":"pl_PL","og_type":"article","og_title":"2016 &#8226; Akademia Pi\u0142karska KS Goc\u0142aw Warszawa","og_description":"TRENINGI(zawodnicy, kt\u00f3rzy kontynuuj\u0105 treningi oraz zawodnicy nowi) START TRENING\u00d3W01-09-2025 (Poniedzia\u0142ek) Boisko przy SP nr 375, Abrahama 10 Poniedzia\u0142ek 17:15-18:15\u015aroda 17:15-18:15 Pierwszy trening bezp\u0142atny!!!W przypadku zapisania si\u0119 do Akademii sk\u0142adka nie ulega pomniejszeniu o trening bezp\u0142atny. Je\u015bli Twoje dziecko jest z rocznika 2019 lub 2020 przejd\u017a do zak\u0142adki Pi\u0142karskie Przedszkole","og_url":"https:\/\/ksgoclaw.pl\/index.php\/2016-2\/","og_site_name":"Akademia Pi\u0142karska KS Goc\u0142aw Warszawa","article_publisher":"https:\/\/www.facebook.com\/ksgoclaw","article_modified_time":"2025-10-05T05:37:11+00:00","og_image":[{"width":1080,"height":1080,"url":"https:\/\/ksgoclaw.pl\/wp-content\/uploads\/2023\/08\/Roczniki.png","type":"image\/png"}],"twitter_card":"summary_large_image","twitter_misc":{"Szacowany czas czytania":"1 minuta"},"schema":{"@context":"https:\/\/schema.org","@graph":[{"@type":"WebPage","@id":"https:\/\/ksgoclaw.pl\/index.php\/2016-2\/","url":"https:\/\/ksgoclaw.pl\/index.php\/2016-2\/","name":"2016 &#8226; Akademia Pi\u0142karska KS Goc\u0142aw Warszawa","isPartOf":{"@id":"https:\/\/ksgoclaw.pl\/#website"},"primaryImageOfPage":{"@id":"https:\/\/ksgoclaw.pl\/index.php\/2016-2\/#primaryimage"},"image":{"@id":"https:\/\/ksgoclaw.pl\/index.php\/2016-2\/#primaryimage"},"thumbnailUrl":"https:\/\/ksgoclaw.pl\/wp-content\/uploads\/2023\/08\/Roczniki.png","datePublished":"2023-08-22T14:41:37+00:00","dateModified":"2025-10-05T05:37:11+00:00","breadcrumb":{"@id":"https:\/\/ksgoclaw.pl\/index.php\/2016-2\/#breadcrumb"},"inLanguage":"pl-PL","potentialAction":[{"@type":"ReadAction","target":["https:\/\/ksgoclaw.pl\/index.php\/2016-2\/"]}]},{"@type":"ImageObject","inLanguage":"pl-PL","@id":"https:\/\/ksgoclaw.pl\/index.php\/2016-2\/#primaryimage","url":"https:\/\/ksgoclaw.pl\/wp-content\/uploads\/2023\/08\/Roczniki.png","contentUrl":"https:\/\/ksgoclaw.pl\/wp-content\/uploads\/2023\/08\/Roczniki.png","width":1080,"height":1080},{"@type":"BreadcrumbList","@id":"https:\/\/ksgoclaw.pl\/index.php\/2016-2\/#breadcrumb","itemListElement":[{"@type":"ListItem","position":1,"name":"Strona g\u0142\u00f3wna","item":"https:\/\/ksgoclaw.pl\/"},{"@type":"ListItem","position":2,"name":"2016"}]},{"@type":"WebSite","@id":"https:\/\/ksgoclaw.pl\/#website","url":"https:\/\/ksgoclaw.pl\/","name":"Akademia Pi\u0142karska KS Goc\u0142aw Warszawa","description":"KS Goc\u0142aw gra, trenuje, ma\u0142ych mistrz\u00f3w wychowuje","publisher":{"@id":"https:\/\/ksgoclaw.pl\/#organization"},"potentialAction":[{"@type":"SearchAction","target":{"@type":"EntryPoint","urlTemplate":"https:\/\/ksgoclaw.pl\/?s={search_term_string}"},"query-input":{"@type":"PropertyValueSpecification","valueRequired":true,"valueName":"search_term_string"}}],"inLanguage":"pl-PL"},{"@type":"Organization","@id":"https:\/\/ksgoclaw.pl\/#organization","name":"Akademia Pi\u0142karska Klub Sportowy Goc\u0142aw Warszawa 2016","url":"https:\/\/ksgoclaw.pl\/","logo":{"@type":"ImageObject","inLanguage":"pl-PL","@id":"https:\/\/ksgoclaw.pl\/#\/schema\/logo\/image\/","url":"https:\/\/ksgoclaw.pl\/wp-content\/uploads\/2023\/08\/herb-ks-goclaw-png-duzy.png","contentUrl":"https:\/\/ksgoclaw.pl\/wp-content\/uploads\/2023\/08\/herb-ks-goclaw-png-duzy.png","width":2843,"height":3653,"caption":"Akademia Pi\u0142karska Klub Sportowy Goc\u0142aw Warszawa 2016"},"image":{"@id":"https:\/\/ksgoclaw.pl\/#\/schema\/logo\/image\/"},"sameAs":["https:\/\/www.facebook.com\/ksgoclaw"]}]}},"_links":{"self":[{"href":"https:\/\/ksgoclaw.pl\/index.php\/wp-json\/wp\/v2\/pages\/356","targetHints":{"allow":["GET"]}}],"collection":[{"href":"https:\/\/ksgoclaw.pl\/index.php\/wp-json\/wp\/v2\/pages"}],"about":[{"href":"https:\/\/ksgoclaw.pl\/index.php\/wp-json\/wp\/v2\/types\/page"}],"author":[{"embeddable":true,"href":"https:\/\/ksgoclaw.pl\/index.php\/wp-json\/wp\/v2\/users\/1"}],"replies":[{"embeddable":true,"href":"https:\/\/ksgoclaw.pl\/index.php\/wp-json\/wp\/v2\/comments?post=356"}],"version-history":[{"count":22,"href":"https:\/\/ksgoclaw.pl\/index.php\/wp-json\/wp\/v2\/pages\/356\/revisions"}],"predecessor-version":[{"id":1074,"href":"https:\/\/ksgoclaw.pl\/index.php\/wp-json\/wp\/v2\/pages\/356\/revisions\/1074"}],"wp:featuredmedia":[{"embeddable":true,"href":"https:\/\/ksgoclaw.pl\/index.php\/wp-json\/wp\/v2\/media\/189"}],"wp:attachment":[{"href":"https:\/\/ksgoclaw.pl\/index.php\/wp-json\/wp\/v2\/media?parent=356"}],"curies":[{"name":"wp","href":"https:\/\/api.w.org\/{rel}","templated":true}]}}