{"id":23,"date":"2023-08-02T18:44:25","date_gmt":"2023-08-02T16:44:25","guid":{"rendered":"http:\/\/ksgoclaw.pl\/index.php\/mesmerize\/"},"modified":"2025-10-05T07:38:54","modified_gmt":"2025-10-05T05:38:54","slug":"23-2","status":"publish","type":"page","link":"https:\/\/ksgoclaw.pl\/","title":{"rendered":""},"content":{"rendered":"<div  data-label=\"Content\" data-id=\"content--2\" data-export-id=\"content-12\" data-category=\"content\" class=\"content-12 content-section content-section-spacing\" id=\"content-2\" style=\"background-color: rgb(255, 255, 255);\"><div  class=\"gridContainer\"> <div  class=\"row text-center\"><div  class=\"section-title-col\" data-type=\"column\"> <h2  class=\"\">NAB\u00d3R ZAWODNIK\u00d3W NA SEZON 2025\/2026<\/h2> <\/div> <\/div> <div  class=\"row center-xs middle-xs\"> <div  class=\"col-sm-9\" data-type=\"column\"> <img  decoding=\"async\" class=\"shadow-large\" src=\"https:\/\/ksgoclaw.pl\/wp-content\/uploads\/2025\/08\/Pilka-Nozna-Otwarta-Rekrutacja-Plakat.png\" title=\"Pi\u0142ka No\u017cna Otwarta Rekrutacja Plakat\" alt=\"\"><\/div> <\/div><\/div> <\/div><div  id=\"team-1\" class=\"team-3 content-section content-section-spacing\" style=\"background-color: #ffffff;\" data-label=\"Team\" data-id=\"team--1\" data-export-id=\"team-3\" data-category=\"team\">\n<div  class=\"gridContainer\">\n<div  class=\"row space-bottom text-center\">\n<div  class=\"section-title-col col-xs-12 col-sm-12\" data-type=\"column\">\n<h2  class=\"\"><span  style=\"font-weight: bold;\">Kadra Akademii Pi\u0142karskiej KS Goc\u0142aw<\/span><\/h2>\n<h3  class=\"font-300\">Kadr\u0119 stanowi\u0105 trenerzy z uprawnienieniami UEFA i wieloletnim do\u015bwiadczeniem w pracy z dzie\u0107mi.<\/h3>\n<\/div>\n<\/div>\n<div  class=\"row spaced-cols\" data-type=\"row\">\n<div  class=\"col-xs-12 col-sm-6 col-md-3 portfolio-item\">\n<div  class=\"contentswap-effect visible cs-portfolio-1\" data-hover-fx=\"portfolio-1\">\n<div  class=\"initial-image\"><img  decoding=\"async\" src=\"https:\/\/ksgoclaw.pl\/wp-content\/uploads\/2025\/01\/cropped-adam.png\" data-size=\"500x500\"><\/div>\n<div  class=\"overlay grad-180-transparent-color-black\"><\/div>\n<div  class=\"swap-inner col-xs-12\">\n<div  class=\"row full-height-row bottom-xs\">\n<div  class=\"col-xs-12 text-center content-holder\">\n<h4  class=\"color-white font-500\">Adam Stokowiec<\/h4>\n<p  class=\"small color-white\" style=\"font-style: italic;\">Prezes, Trener UEFA B<\/p>\n\n<\/div>\n<\/div>\n<\/div>\n<\/div>\n<\/div>\n<div  class=\"col-xs-12 col-sm-6 col-md-3 portfolio-item\">\n<div  class=\"contentswap-effect visible cs-portfolio-1\" data-hover-fx=\"portfolio-1\">\n<div  class=\"initial-image\"><img  decoding=\"async\" src=\"https:\/\/ksgoclaw.pl\/wp-content\/uploads\/2024\/10\/cropped-cropped-Projekt-bez-nazwy_20240902_174253_0000.jpg\" data-size=\"500x500\"><\/div>\n<div  class=\"overlay\"><\/div>\n<div  class=\"swap-inner col-xs-12\">\n<div  class=\"row full-height-row bottom-xs\">\n<div  class=\"col-xs-12 text-center content-holder\">\n<h4  class=\"color-white font-500\">Zuzanna Stokowiec<\/h4>\n<p  class=\"small color-white\" style=\"font-style: italic;\">Wiceprezes<\/p>\n\n<\/div>\n<\/div>\n<\/div>\n<\/div>\n<\/div>\n<div  class=\"col-xs-12 col-sm-6 col-md-3 portfolio-item\">\n<div  class=\"contentswap-effect visible cs-portfolio-1\" data-hover-fx=\"portfolio-1\">\n<div  class=\"initial-image\"><img  decoding=\"async\" src=\"https:\/\/ksgoclaw.pl\/wp-content\/uploads\/2025\/01\/justyna.png\" data-size=\"500x500\"><\/div>\n<div  class=\"overlay grad-180-transparent-color-black\"><\/div>\n<div  class=\"swap-inner col-xs-12\">\n<div  class=\"row full-height-row bottom-xs\">\n<div  class=\"col-xs-12 text-center content-holder\">\n<h4  class=\"color-white font-500\">Justyna<\/h4>\n<p  class=\"small color-white\" style=\"font-style: italic;\">Biuro i administracja<\/p>\n\n<\/div>\n<\/div>\n<\/div>\n<\/div>\n<\/div>\n\n<div  class=\"col-xs-12 col-sm-6 col-md-3 portfolio-item\">\n<div  class=\"contentswap-effect visible cs-portfolio-1\" data-hover-fx=\"portfolio-1\">\n<div  class=\"initial-image\"><img  decoding=\"async\" src=\"https:\/\/ksgoclaw.pl\/wp-content\/uploads\/2024\/11\/cropped-cropped-Kopia-\u2013-Bez-tytulu-Post-na-Instagram-31.png\" data-size=\"500x500\"><\/div>\n<div  class=\"overlay grad-180-transparent-color-black\"><\/div>\n<div  class=\"swap-inner col-xs-12\">\n<div  class=\"row full-height-row bottom-xs\">\n<div  class=\"col-xs-12 text-center content-holder\">\n<h4  class=\"color-white font-500\">Filip<\/h4>\n<p  class=\"small color-white\" style=\"font-style: italic;\">Trener UEFA C<\/p>\n\n<\/div>\n<\/div>\n<\/div>\n<\/div>\n<\/div>\n<div  class=\"col-xs-12 col-sm-6 col-md-3 portfolio-item\">\n<div  class=\"contentswap-effect visible cs-portfolio-1\" data-hover-fx=\"portfolio-1\">\n<div  class=\"initial-image\"><img  decoding=\"async\" src=\"https:\/\/ksgoclaw.pl\/wp-content\/uploads\/2025\/05\/Klaudia.png\" data-size=\"500x500\"><\/div>\n<div  class=\"overlay grad-180-transparent-color-black\"><\/div>\n<div  class=\"swap-inner col-xs-12\">\n<div  class=\"row full-height-row bottom-xs\">\n<div  class=\"col-xs-12 text-center content-holder\">\n<h4  class=\"color-white font-500\">Klaudia<\/h4>\n<p  class=\"small color-white\" style=\"font-style: italic;\">Trenerka UEFA C<\/p>\n\n<\/div>\n<\/div>\n<\/div>\n<\/div>\n<\/div><div  class=\"col-xs-12 col-sm-6 col-md-3 portfolio-item\">\n<div  class=\"contentswap-effect visible cs-portfolio-1\" data-hover-fx=\"portfolio-1\">\n<div  class=\"initial-image\"><img  decoding=\"async\" src=\"https:\/\/ksgoclaw.pl\/wp-content\/uploads\/2024\/11\/cropped-Kopia-\u2013-Bez-tytulu-Post-na-Instagram-32.png\" data-size=\"500x500\"><\/div>\n<div  class=\"overlay grad-180-transparent-color-black\"><\/div>\n<div  class=\"swap-inner col-xs-12\">\n<div  class=\"row full-height-row bottom-xs\">\n<div  class=\"col-xs-12 text-center content-holder\">\n<h4  class=\"color-white font-500\">Dominik<\/h4>\n<p  class=\"small color-white\" style=\"font-style: italic;\">Asystent Trenera<\/p>\n\n<\/div>\n<\/div>\n<\/div>\n<\/div>\n<\/div>\n<div  class=\"col-xs-12 col-sm-6 col-md-3 portfolio-item\">\n<div  class=\"contentswap-effect visible cs-portfolio-1\" data-hover-fx=\"portfolio-1\">\n<div  class=\"initial-image\"><img  decoding=\"async\" src=\"https:\/\/ksgoclaw.pl\/wp-content\/uploads\/2024\/11\/cropped-Kopia-\u2013-Bez-tytulu-Post-na-Instagram-29.png\" data-size=\"500x500\"><\/div>\n<div  class=\"overlay grad-180-transparent-color-black\"><\/div>\n<div  class=\"swap-inner col-xs-12\">\n<div  class=\"row full-height-row bottom-xs\">\n<div  class=\"col-xs-12 text-center content-holder\">\n<h4  class=\"color-white font-500\">Mateusz<\/h4>\n<p  class=\"small color-white\" style=\"font-style: italic;\">Asystent Trenera<\/p>\n\n<\/div>\n<\/div>\n<\/div>\n<\/div>\n<\/div>\n<\/div>\n<\/div>\n<\/div><div  data-label=\"About\" data-id=\"about--3\" data-export-id=\"about-10\" data-category=\"about\" class=\"about-10 content-section content-section-spacing\" id=\"about-3\" style=\"background-color: rgb(245, 250, 253);\"><div  class=\"gridContainer\"> <div  class=\"row middle-sm text-center\"><div  class=\"col-sm-5 space-bottom-xs content-column\" data-type=\"column\"> <h5  class=\"\">KR\u00d3TKA HISTORIA<\/h5> <h2  class=\"\"><font  face=\"Playfair Display, sans-serif\"><i >Akademii Pi\u0142karskiej\n<br >KS Goc\u0142aw<\/i><\/font><\/h2> <p  class=\"\"><b >KS Goc\u0142aw zosta\u0142 za\u0142o\u017cony w 2016 roku z inicjatywy Adama Stokowiec, pochodz\u0105cego z Warszawy, trenera pi\u0142ki no\u017cnej UEFA B z 15 letnim do\u015bwiadczeniem. Wychowany na Goc\u0142awiu mia\u0142 cel \u2013 da\u0107 mo\u017cliwo\u015b\u0107 dzieciom z osiedla pole do rozwoju talentu i mi\u0142o\u015bci do pi\u0142ki.<\/b><br >\nUda\u0142o si\u0119! Rodzinny Goc\u0142aw zyska\u0142 klub, w kt\u00f3rym rodzice oddaj\u0105 w profesjonalne r\u0119ce swoje pociechy, wiedz\u0105c \u017ce ich zapa\u0142 nie p\u00f3jdzie na marne, a trenerzy doszlifuj\u0105 niedoskona\u0142o\u015bci i wydob\u0119d\u0105 z m\u0142odych pi\u0142karzy prawdziwy diament.<br >\nZaj\u0119cia pi\u0142ki no\u017cnej to trening nie tylko dla dzieci ale te\u017c ich rodzic\u00f3w, kt\u00f3rzy ucz\u0105 si\u0119 razem z najm\u0142odszymi zasad kibicowania, fair play i cierpliwo\u015bci w d\u0105\u017ceniu do za\u0142o\u017conego wyniku.<br >\nTrenerzy pracuj\u0105 w oparciu o za\u0142o\u017cenia szkoleniowe i wychowawcze, kt\u00f3re reprezentuj\u0105 r\u00f3wnie\u017c ich w\u0142asne zasady i filozofi\u0119 pracy. Najwa\u017cniejszy jest zapa\u0142, ci\u0119\u017cka praca, uczciwo\u015b\u0107 i zdrowie, dlatego m\u0142odzi nie tylko kopi\u0105 pi\u0142k\u0119 ale te\u017c rozwijaj\u0105 przy tym swoje charaktery.<br >\nOgromna rado\u015b\u0107, kt\u00f3ra towarzyszy przygl\u0105daniu si\u0119 temu procesowi powoduje jeszcze wi\u0119ksz\u0105 ch\u0119\u0107 zaanga\u017cowania w rozw\u00f3j m\u0142odych zawodnik\u00f3w st\u0105d propozycje wyjazd\u00f3w letnich i zimowych oraz udzia\u0142 w turniejach.<\/p> <\/div> <div  class=\"col-sm-7 flexbox middle-xs center-xs space-bottom-xs\"><div  class=\"overlay-box middle-xs center-xs flexbox\"> <div  class=\"overlay-box-offset offset-border shadow-medium border-color1 hide-xs\"><\/div> <img  decoding=\"async\" class=\"shadow-large\" data-size=\"485x705\" src=\"https:\/\/ksgoclaw.pl\/wp-content\/uploads\/2023\/08\/cropped-cropped-2016-rok-3.jpg\" title=\"cropped-cropped-2016-rok-3.jpg\" alt=\"\"><\/div> <\/div><\/div> <\/div><\/div>","protected":false},"excerpt":{"rendered":"<p>NAB\u00d3R ZAWODNIK\u00d3W NA SEZON 2025\/2026 Kadra Akademii Pi\u0142karskiej KS Goc\u0142aw Kadr\u0119 stanowi\u0105 trenerzy z uprawnienieniami UEFA i wieloletnim do\u015bwiadczeniem w pracy z dzie\u0107mi. Adam Stokowiec Prezes, Trener UEFA B Zuzanna Stokowiec Wiceprezes Justyna Biuro i administracja Filip Trener UEFA C Klaudia Trenerka UEFA C Dominik Asystent Trenera Mateusz Asystent Trenera KR\u00d3TKA HISTORIA Akademii Pi\u0142karskiej KS&hellip; <br \/> <a class=\"read-more\" href=\"https:\/\/ksgoclaw.pl\/\">Dowiedz si\u0119 wi\u0119cej<\/a><\/p>\n","protected":false},"author":1,"featured_media":0,"parent":0,"menu_order":0,"comment_status":"closed","ping_status":"closed","template":"page-templates\/homepage.php","meta":{"footnotes":""},"class_list":["post-23","page","type-page","status-publish","hentry"],"yoast_head":"<!-- This site is optimized with the Yoast SEO plugin v25.8 - https:\/\/yoast.com\/wordpress\/plugins\/seo\/ -->\n<title>&#8226; Akademia Pi\u0142karska KS Goc\u0142aw Warszawa<\/title>\n<meta name=\"description\" content=\"Zapraszamy na treningi i zaj\u0119cia pi\u0142karskie w Akademia Pi\u0142karska KS Goc\u0142aw Warszawa dla dzieci w wieku 4-12 lat.\" \/>\n<meta name=\"robots\" content=\"index, follow, max-snippet:-1, max-image-preview:large, max-video-preview:-1\" \/>\n<link rel=\"canonical\" href=\"https:\/\/ksgoclaw.pl\/\" \/>\n<meta property=\"og:locale\" content=\"pl_PL\" \/>\n<meta property=\"og:type\" content=\"article\" \/>\n<meta property=\"og:title\" content=\"&#8226; Akademia Pi\u0142karska KS Goc\u0142aw Warszawa\" \/>\n<meta property=\"og:description\" content=\"Zapraszamy na treningi i zaj\u0119cia pi\u0142karskie w Akademia Pi\u0142karska KS Goc\u0142aw Warszawa dla dzieci w wieku 4-12 lat.\" \/>\n<meta property=\"og:url\" content=\"https:\/\/ksgoclaw.pl\/\" \/>\n<meta property=\"og:site_name\" content=\"Akademia Pi\u0142karska KS Goc\u0142aw Warszawa\" \/>\n<meta property=\"article:publisher\" content=\"https:\/\/www.facebook.com\/ksgoclaw\" \/>\n<meta property=\"article:modified_time\" content=\"2025-10-05T05:38:54+00:00\" \/>\n<meta property=\"og:image\" content=\"https:\/\/ksgoclaw.pl\/wp-content\/uploads\/2025\/08\/Pilka-Nozna-Otwarta-Rekrutacja-Plakat.png\" \/>\n<meta name=\"twitter:card\" content=\"summary_large_image\" \/>\n<meta name=\"twitter:label1\" content=\"Szacowany czas czytania\" \/>\n\t<meta name=\"twitter:data1\" content=\"2 minuty\" \/>\n<script type=\"application\/ld+json\" class=\"yoast-schema-graph\">{\"@context\":\"https:\/\/schema.org\",\"@graph\":[{\"@type\":\"WebPage\",\"@id\":\"https:\/\/ksgoclaw.pl\/\",\"url\":\"https:\/\/ksgoclaw.pl\/\",\"name\":\"&#8226; Akademia Pi\u0142karska KS Goc\u0142aw Warszawa\",\"isPartOf\":{\"@id\":\"https:\/\/ksgoclaw.pl\/#website\"},\"primaryImageOfPage\":{\"@id\":\"https:\/\/ksgoclaw.pl\/#primaryimage\"},\"image\":{\"@id\":\"https:\/\/ksgoclaw.pl\/#primaryimage\"},\"thumbnailUrl\":\"https:\/\/ksgoclaw.pl\/wp-content\/uploads\/2025\/08\/Pilka-Nozna-Otwarta-Rekrutacja-Plakat.png\",\"datePublished\":\"2023-08-02T16:44:25+00:00\",\"dateModified\":\"2025-10-05T05:38:54+00:00\",\"description\":\"Zapraszamy na treningi i zaj\u0119cia pi\u0142karskie w Akademia Pi\u0142karska KS Goc\u0142aw Warszawa dla dzieci w wieku 4-12 lat.\",\"inLanguage\":\"pl-PL\",\"potentialAction\":[{\"@type\":\"ReadAction\",\"target\":[\"https:\/\/ksgoclaw.pl\/\"]}]},{\"@type\":\"ImageObject\",\"inLanguage\":\"pl-PL\",\"@id\":\"https:\/\/ksgoclaw.pl\/#primaryimage\",\"url\":\"https:\/\/ksgoclaw.pl\/wp-content\/uploads\/2025\/08\/Pilka-Nozna-Otwarta-Rekrutacja-Plakat.png\",\"contentUrl\":\"https:\/\/ksgoclaw.pl\/wp-content\/uploads\/2025\/08\/Pilka-Nozna-Otwarta-Rekrutacja-Plakat.png\",\"width\":1587,\"height\":2245},{\"@type\":\"WebSite\",\"@id\":\"https:\/\/ksgoclaw.pl\/#website\",\"url\":\"https:\/\/ksgoclaw.pl\/\",\"name\":\"Akademia Pi\u0142karska KS Goc\u0142aw Warszawa\",\"description\":\"KS Goc\u0142aw gra, trenuje, ma\u0142ych mistrz\u00f3w wychowuje\",\"publisher\":{\"@id\":\"https:\/\/ksgoclaw.pl\/#organization\"},\"potentialAction\":[{\"@type\":\"SearchAction\",\"target\":{\"@type\":\"EntryPoint\",\"urlTemplate\":\"https:\/\/ksgoclaw.pl\/?s={search_term_string}\"},\"query-input\":{\"@type\":\"PropertyValueSpecification\",\"valueRequired\":true,\"valueName\":\"search_term_string\"}}],\"inLanguage\":\"pl-PL\"},{\"@type\":\"Organization\",\"@id\":\"https:\/\/ksgoclaw.pl\/#organization\",\"name\":\"Akademia Pi\u0142karska Klub Sportowy Goc\u0142aw Warszawa 2016\",\"url\":\"https:\/\/ksgoclaw.pl\/\",\"logo\":{\"@type\":\"ImageObject\",\"inLanguage\":\"pl-PL\",\"@id\":\"https:\/\/ksgoclaw.pl\/#\/schema\/logo\/image\/\",\"url\":\"https:\/\/ksgoclaw.pl\/wp-content\/uploads\/2023\/08\/herb-ks-goclaw-png-duzy.png\",\"contentUrl\":\"https:\/\/ksgoclaw.pl\/wp-content\/uploads\/2023\/08\/herb-ks-goclaw-png-duzy.png\",\"width\":2843,\"height\":3653,\"caption\":\"Akademia Pi\u0142karska Klub Sportowy Goc\u0142aw Warszawa 2016\"},\"image\":{\"@id\":\"https:\/\/ksgoclaw.pl\/#\/schema\/logo\/image\/\"},\"sameAs\":[\"https:\/\/www.facebook.com\/ksgoclaw\"]}]}<\/script>\n<!-- \/ Yoast SEO plugin. -->","yoast_head_json":{"title":"&#8226; Akademia Pi\u0142karska KS Goc\u0142aw Warszawa","description":"Zapraszamy na treningi i zaj\u0119cia pi\u0142karskie w Akademia Pi\u0142karska KS Goc\u0142aw Warszawa dla dzieci w wieku 4-12 lat.","robots":{"index":"index","follow":"follow","max-snippet":"max-snippet:-1","max-image-preview":"max-image-preview:large","max-video-preview":"max-video-preview:-1"},"canonical":"https:\/\/ksgoclaw.pl\/","og_locale":"pl_PL","og_type":"article","og_title":"&#8226; Akademia Pi\u0142karska KS Goc\u0142aw Warszawa","og_description":"Zapraszamy na treningi i zaj\u0119cia pi\u0142karskie w Akademia Pi\u0142karska KS Goc\u0142aw Warszawa dla dzieci w wieku 4-12 lat.","og_url":"https:\/\/ksgoclaw.pl\/","og_site_name":"Akademia Pi\u0142karska KS Goc\u0142aw Warszawa","article_publisher":"https:\/\/www.facebook.com\/ksgoclaw","article_modified_time":"2025-10-05T05:38:54+00:00","og_image":[{"url":"https:\/\/ksgoclaw.pl\/wp-content\/uploads\/2025\/08\/Pilka-Nozna-Otwarta-Rekrutacja-Plakat.png","type":"","width":"","height":""}],"twitter_card":"summary_large_image","twitter_misc":{"Szacowany czas czytania":"2 minuty"},"schema":{"@context":"https:\/\/schema.org","@graph":[{"@type":"WebPage","@id":"https:\/\/ksgoclaw.pl\/","url":"https:\/\/ksgoclaw.pl\/","name":"&#8226; Akademia Pi\u0142karska KS Goc\u0142aw Warszawa","isPartOf":{"@id":"https:\/\/ksgoclaw.pl\/#website"},"primaryImageOfPage":{"@id":"https:\/\/ksgoclaw.pl\/#primaryimage"},"image":{"@id":"https:\/\/ksgoclaw.pl\/#primaryimage"},"thumbnailUrl":"https:\/\/ksgoclaw.pl\/wp-content\/uploads\/2025\/08\/Pilka-Nozna-Otwarta-Rekrutacja-Plakat.png","datePublished":"2023-08-02T16:44:25+00:00","dateModified":"2025-10-05T05:38:54+00:00","description":"Zapraszamy na treningi i zaj\u0119cia pi\u0142karskie w Akademia Pi\u0142karska KS Goc\u0142aw Warszawa dla dzieci w wieku 4-12 lat.","inLanguage":"pl-PL","potentialAction":[{"@type":"ReadAction","target":["https:\/\/ksgoclaw.pl\/"]}]},{"@type":"ImageObject","inLanguage":"pl-PL","@id":"https:\/\/ksgoclaw.pl\/#primaryimage","url":"https:\/\/ksgoclaw.pl\/wp-content\/uploads\/2025\/08\/Pilka-Nozna-Otwarta-Rekrutacja-Plakat.png","contentUrl":"https:\/\/ksgoclaw.pl\/wp-content\/uploads\/2025\/08\/Pilka-Nozna-Otwarta-Rekrutacja-Plakat.png","width":1587,"height":2245},{"@type":"WebSite","@id":"https:\/\/ksgoclaw.pl\/#website","url":"https:\/\/ksgoclaw.pl\/","name":"Akademia Pi\u0142karska KS Goc\u0142aw Warszawa","description":"KS Goc\u0142aw gra, trenuje, ma\u0142ych mistrz\u00f3w wychowuje","publisher":{"@id":"https:\/\/ksgoclaw.pl\/#organization"},"potentialAction":[{"@type":"SearchAction","target":{"@type":"EntryPoint","urlTemplate":"https:\/\/ksgoclaw.pl\/?s={search_term_string}"},"query-input":{"@type":"PropertyValueSpecification","valueRequired":true,"valueName":"search_term_string"}}],"inLanguage":"pl-PL"},{"@type":"Organization","@id":"https:\/\/ksgoclaw.pl\/#organization","name":"Akademia Pi\u0142karska Klub Sportowy Goc\u0142aw Warszawa 2016","url":"https:\/\/ksgoclaw.pl\/","logo":{"@type":"ImageObject","inLanguage":"pl-PL","@id":"https:\/\/ksgoclaw.pl\/#\/schema\/logo\/image\/","url":"https:\/\/ksgoclaw.pl\/wp-content\/uploads\/2023\/08\/herb-ks-goclaw-png-duzy.png","contentUrl":"https:\/\/ksgoclaw.pl\/wp-content\/uploads\/2023\/08\/herb-ks-goclaw-png-duzy.png","width":2843,"height":3653,"caption":"Akademia Pi\u0142karska Klub Sportowy Goc\u0142aw Warszawa 2016"},"image":{"@id":"https:\/\/ksgoclaw.pl\/#\/schema\/logo\/image\/"},"sameAs":["https:\/\/www.facebook.com\/ksgoclaw"]}]}},"_links":{"self":[{"href":"https:\/\/ksgoclaw.pl\/index.php\/wp-json\/wp\/v2\/pages\/23","targetHints":{"allow":["GET"]}}],"collection":[{"href":"https:\/\/ksgoclaw.pl\/index.php\/wp-json\/wp\/v2\/pages"}],"about":[{"href":"https:\/\/ksgoclaw.pl\/index.php\/wp-json\/wp\/v2\/types\/page"}],"author":[{"embeddable":true,"href":"https:\/\/ksgoclaw.pl\/index.php\/wp-json\/wp\/v2\/users\/1"}],"replies":[{"embeddable":true,"href":"https:\/\/ksgoclaw.pl\/index.php\/wp-json\/wp\/v2\/comments?post=23"}],"version-history":[{"count":55,"href":"https:\/\/ksgoclaw.pl\/index.php\/wp-json\/wp\/v2\/pages\/23\/revisions"}],"predecessor-version":[{"id":1059,"href":"https:\/\/ksgoclaw.pl\/index.php\/wp-json\/wp\/v2\/pages\/23\/revisions\/1059"}],"wp:attachment":[{"href":"https:\/\/ksgoclaw.pl\/index.php\/wp-json\/wp\/v2\/media?parent=23"}],"curies":[{"name":"wp","href":"https:\/\/api.w.org\/{rel}","templated":true}]}}